{"id":1361,"date":"2023-10-16T15:02:07","date_gmt":"2023-10-16T15:02:07","guid":{"rendered":"https:\/\/moreu.com\/accessibility-statement\/"},"modified":"2024-04-12T10:54:42","modified_gmt":"2024-04-12T10:54:42","slug":"accessibility-statement","status":"publish","type":"page","link":"https:\/\/moreu.com\/en\/accessibility-statement\/","title":{"rendered":"Accessibility statement"},"content":{"rendered":"\n<p><strong>1. Accessibility statement<\/strong><\/p>\n\n<p>Moreu is committed to making its website accessible, in accordance with national legislation transposing Directive (EU) 2016\/2102 of the European Parliament and of the Council.<\/p>\n\n<p>This accessibility statement applies to https:\/\/moreu.com.<\/p>\n\n<p><strong>2. Compliance status<\/strong><\/p>\n\n<p><strong>Option B<\/strong><\/p>\n\n<p>This website is partially compliant with RD 1112\/2018 due to the exceptions and lack of conformity of the aspects indicated below.<\/p>\n\n<p><strong>3. Content not accessible<\/strong><\/p>\n\n<p>The content collected below is not accessible due to the following:<\/p>\n\n<ol start=\"1\" style=\"list-style-type:1\">\n<li><strong>lack of conformity<\/strong> with [<in>national legislation<\/em>]\n<ol start=\"1\" style=\"list-style-type:1\">\n<li>There are images without the alternative text<\/li>\n\n\n\n<li>There are unlabeled form fields<\/li>\n\n\n\n<li>There are empty buttons<\/li>\n\n\n\n<li>There is textual content without sufficient contrast<\/li>\n\n\n\n<li>In some cases content overlap may occur<\/li>\n<\/ol>\n<\/li>\n<\/ol>\n\n<p><strong>4. Preparation of this accessibility declaration<\/strong><\/p>\n\n<p>This statement was prepared on February 1, 2023<\/p>\n\n<p>The method used for this declaration has been a self-assessment carried out by the Agency itself with the support of the <a href=\"https:\/\/herramienta-ira.administracionelectronica.gob.es\/#!\/\" target=\"_blank\" rel=\"noreferrer noopener\">IRA Tool (Accessibility Review Report)<\/a> of the Accessibility Observatory.<\/p>\n\n<p>Last revision of the declaration: February 1, 2023.<\/p>\n\n<p><strong>5. Observations and contact information<\/strong><\/p>\n\n<p>Cam Moreu<br\/>Torrent de Can Ninou s\/n.<br\/>Pol\u00edgono Industrial Levante 08150<br\/>Parets del Vall\u00e8s (Barcelona)<br\/>Espa\u00f1a<br\/>N\u00famero de tel\u00e9fono: +34 935 624 903<\/p>\n\n<p><br\/><strong><a href=\"mailto:moreu@moreu.com\">moreu@moreu.com<\/a><\/strong><\/p>\n\n<h3 class=\"wp-block-heading\"><strong>Requests for accessible information and complaints<\/strong><\/h3>\n\n<p>Through the email <a href=\"mailto:moreu@moreu.com\"><strong>moreu@moreu.com<\/strong><\/a>\u00a0you can submit:<\/p>\n\n<ul>\n<li>a Complaint regarding compliance with the requirements of RD 1112\/2018 or<\/li>\n\n\n\n<li>an accessible Information Request relating to:\n<ul>\n<li>contents that are excluded from the scope of application of RD 1112\/2018 as established by article 3, section 4<\/li>\n\n\n\n<li>content that is exempt from compliance with accessibility requirements because it imposes a disproportionate burden.<\/li>\n<\/ul>\n<\/li>\n<\/ul>\n\n<p>In the Request for accessible information, the facts, reasons and request must be clearly specified that allow us to verify that it is a reasonable and legitimate request.<\/p>\n\n<p><strong>6. Application procedure<\/strong><\/p>\n\n<p>If once a request for accessible information or complaint has been made, it has been rejected, the decision taken is not agreed upon, or the response does not meet the requirements contemplated in article 12.5 of RD 1112\/2018, the interested person may initiate a claim. Likewise, a claim may be initiated if no response has been obtained.<\/p>\n\n<p>The claim procedure included in article 13 of RD 1112\/2018 can be initiated through <a href=\"https:\/\/sedeagpd.gob.es\/sede-electronica-web\/vistas\/formProcedimientoEntrada\/procedimientoEntradaAmplido.jsf\" target=\"_blank\" rel=\"noreferrer noopener\">this link<\/a>.<\/p>\n","protected":false},"excerpt":{"rendered":"<p>1. Accessibility statement Moreu is committed to making its website accessible, in accordance with national legislation transposing Directive (EU) 2016\/2102 of the European Parliament and of the Council. This accessibility statement applies to https:\/\/moreu.com. 2. Compliance status Option B This website is partially compliant with RD 1112\/2018 due to the exceptions and lack of conformity [&hellip;]<\/p>\n","protected":false},"author":1,"featured_media":0,"parent":0,"menu_order":0,"comment_status":"closed","ping_status":"closed","template":"","meta":{"footnotes":""},"yoast_head":"<!-- This site is optimized with the Yoast SEO plugin v21.5 - https:\/\/yoast.com\/wordpress\/plugins\/seo\/ -->\n<title>Accessibility statement - Moreu Especialistas en adhesivos de prote\u00ednas naturales<\/title>\n<meta name=\"description\" content=\"Descubre la innovaci\u00f3n en el mundo de los adhesivos con nuestra gama de Adhesivos de Prote\u00ednas Naturales. Estos adhesivos ecol\u00f3gicos y sostenibles ofrecen un fuerte poder de uni\u00f3n, mientras respetan el medio ambiente con ingredientes provenientes de fuentes naturales.\" \/>\n<meta name=\"robots\" content=\"index, follow, max-snippet:-1, max-image-preview:large, max-video-preview:-1\" \/>\n<link rel=\"canonical\" href=\"https:\/\/moreu.com\/en\/accessibility-statement\/\" \/>\n<meta property=\"og:locale\" content=\"en_US\" \/>\n<meta property=\"og:type\" content=\"article\" \/>\n<meta property=\"og:title\" content=\"Accessibility statement - Moreu Especialistas en adhesivos de prote\u00ednas naturales\" \/>\n<meta property=\"og:description\" content=\"Descubre la innovaci\u00f3n en el mundo de los adhesivos con nuestra gama de Adhesivos de Prote\u00ednas Naturales. Estos adhesivos ecol\u00f3gicos y sostenibles ofrecen un fuerte poder de uni\u00f3n, mientras respetan el medio ambiente con ingredientes provenientes de fuentes naturales.\" \/>\n<meta property=\"og:url\" content=\"https:\/\/moreu.com\/en\/accessibility-statement\/\" \/>\n<meta property=\"og:site_name\" content=\"Moreu\" \/>\n<meta property=\"article:modified_time\" content=\"2024-04-12T10:54:42+00:00\" \/>\n<meta name=\"twitter:card\" content=\"summary_large_image\" \/>\n<meta name=\"twitter:label1\" content=\"Est. reading time\" \/>\n\t<meta name=\"twitter:data1\" content=\"2 minutes\" \/>\n<script type=\"application\/ld+json\" class=\"yoast-schema-graph\">{\"@context\":\"https:\/\/schema.org\",\"@graph\":[{\"@type\":\"WebPage\",\"@id\":\"https:\/\/moreu.com\/en\/accessibility-statement\/\",\"url\":\"https:\/\/moreu.com\/en\/accessibility-statement\/\",\"name\":\"Accessibility statement - Moreu Especialistas en adhesivos de prote\u00ednas naturales\",\"isPartOf\":{\"@id\":\"https:\/\/moreu.com\/#website\"},\"datePublished\":\"2023-10-16T15:02:07+00:00\",\"dateModified\":\"2024-04-12T10:54:42+00:00\",\"description\":\"Descubre la innovaci\u00f3n en el mundo de los adhesivos con nuestra gama de Adhesivos de Prote\u00ednas Naturales. Estos adhesivos ecol\u00f3gicos y sostenibles ofrecen un fuerte poder de uni\u00f3n, mientras respetan el medio ambiente con ingredientes provenientes de fuentes naturales.\",\"breadcrumb\":{\"@id\":\"https:\/\/moreu.com\/en\/accessibility-statement\/#breadcrumb\"},\"inLanguage\":\"en-US\",\"potentialAction\":[{\"@type\":\"ReadAction\",\"target\":[\"https:\/\/moreu.com\/en\/accessibility-statement\/\"]}]},{\"@type\":\"BreadcrumbList\",\"@id\":\"https:\/\/moreu.com\/en\/accessibility-statement\/#breadcrumb\",\"itemListElement\":[{\"@type\":\"ListItem\",\"position\":1,\"name\":\"Portada\",\"item\":\"https:\/\/moreu.com\/\"},{\"@type\":\"ListItem\",\"position\":2,\"name\":\"Accessibility statement\"}]},{\"@type\":\"WebSite\",\"@id\":\"https:\/\/moreu.com\/#website\",\"url\":\"https:\/\/moreu.com\/\",\"name\":\"Cam Moreu\",\"description\":\"\",\"publisher\":{\"@id\":\"https:\/\/moreu.com\/#organization\"},\"potentialAction\":[{\"@type\":\"SearchAction\",\"target\":{\"@type\":\"EntryPoint\",\"urlTemplate\":\"https:\/\/moreu.com\/?s={search_term_string}\"},\"query-input\":\"required name=search_term_string\"}],\"inLanguage\":\"en-US\"},{\"@type\":\"Organization\",\"@id\":\"https:\/\/moreu.com\/#organization\",\"name\":\"Cam Moreu\",\"url\":\"https:\/\/moreu.com\/\",\"logo\":{\"@type\":\"ImageObject\",\"inLanguage\":\"en-US\",\"@id\":\"https:\/\/moreu.com\/#\/schema\/logo\/image\/\",\"url\":\"https:\/\/moreu.com\/wp-content\/uploads\/2023\/07\/logo.png\",\"contentUrl\":\"https:\/\/moreu.com\/wp-content\/uploads\/2023\/07\/logo.png\",\"width\":208,\"height\":59,\"caption\":\"Cam Moreu\"},\"image\":{\"@id\":\"https:\/\/moreu.com\/#\/schema\/logo\/image\/\"}}]}<\/script>\n<!-- \/ Yoast SEO plugin. -->","yoast_head_json":{"title":"Accessibility statement - Moreu Especialistas en adhesivos de prote\u00ednas naturales","description":"Descubre la innovaci\u00f3n en el mundo de los adhesivos con nuestra gama de Adhesivos de Prote\u00ednas Naturales. Estos adhesivos ecol\u00f3gicos y sostenibles ofrecen un fuerte poder de uni\u00f3n, mientras respetan el medio ambiente con ingredientes provenientes de fuentes naturales.","robots":{"index":"index","follow":"follow","max-snippet":"max-snippet:-1","max-image-preview":"max-image-preview:large","max-video-preview":"max-video-preview:-1"},"canonical":"https:\/\/moreu.com\/en\/accessibility-statement\/","og_locale":"en_US","og_type":"article","og_title":"Accessibility statement - Moreu Especialistas en adhesivos de prote\u00ednas naturales","og_description":"Descubre la innovaci\u00f3n en el mundo de los adhesivos con nuestra gama de Adhesivos de Prote\u00ednas Naturales. Estos adhesivos ecol\u00f3gicos y sostenibles ofrecen un fuerte poder de uni\u00f3n, mientras respetan el medio ambiente con ingredientes provenientes de fuentes naturales.","og_url":"https:\/\/moreu.com\/en\/accessibility-statement\/","og_site_name":"Moreu","article_modified_time":"2024-04-12T10:54:42+00:00","twitter_card":"summary_large_image","twitter_misc":{"Est. reading time":"2 minutes"},"schema":{"@context":"https:\/\/schema.org","@graph":[{"@type":"WebPage","@id":"https:\/\/moreu.com\/en\/accessibility-statement\/","url":"https:\/\/moreu.com\/en\/accessibility-statement\/","name":"Accessibility statement - Moreu Especialistas en adhesivos de prote\u00ednas naturales","isPartOf":{"@id":"https:\/\/moreu.com\/#website"},"datePublished":"2023-10-16T15:02:07+00:00","dateModified":"2024-04-12T10:54:42+00:00","description":"Descubre la innovaci\u00f3n en el mundo de los adhesivos con nuestra gama de Adhesivos de Prote\u00ednas Naturales. Estos adhesivos ecol\u00f3gicos y sostenibles ofrecen un fuerte poder de uni\u00f3n, mientras respetan el medio ambiente con ingredientes provenientes de fuentes naturales.","breadcrumb":{"@id":"https:\/\/moreu.com\/en\/accessibility-statement\/#breadcrumb"},"inLanguage":"en-US","potentialAction":[{"@type":"ReadAction","target":["https:\/\/moreu.com\/en\/accessibility-statement\/"]}]},{"@type":"BreadcrumbList","@id":"https:\/\/moreu.com\/en\/accessibility-statement\/#breadcrumb","itemListElement":[{"@type":"ListItem","position":1,"name":"Portada","item":"https:\/\/moreu.com\/"},{"@type":"ListItem","position":2,"name":"Accessibility statement"}]},{"@type":"WebSite","@id":"https:\/\/moreu.com\/#website","url":"https:\/\/moreu.com\/","name":"Cam Moreu","description":"","publisher":{"@id":"https:\/\/moreu.com\/#organization"},"potentialAction":[{"@type":"SearchAction","target":{"@type":"EntryPoint","urlTemplate":"https:\/\/moreu.com\/?s={search_term_string}"},"query-input":"required name=search_term_string"}],"inLanguage":"en-US"},{"@type":"Organization","@id":"https:\/\/moreu.com\/#organization","name":"Cam Moreu","url":"https:\/\/moreu.com\/","logo":{"@type":"ImageObject","inLanguage":"en-US","@id":"https:\/\/moreu.com\/#\/schema\/logo\/image\/","url":"https:\/\/moreu.com\/wp-content\/uploads\/2023\/07\/logo.png","contentUrl":"https:\/\/moreu.com\/wp-content\/uploads\/2023\/07\/logo.png","width":208,"height":59,"caption":"Cam Moreu"},"image":{"@id":"https:\/\/moreu.com\/#\/schema\/logo\/image\/"}}]}},"_links":{"self":[{"href":"https:\/\/moreu.com\/en\/wp-json\/wp\/v2\/pages\/1361"}],"collection":[{"href":"https:\/\/moreu.com\/en\/wp-json\/wp\/v2\/pages"}],"about":[{"href":"https:\/\/moreu.com\/en\/wp-json\/wp\/v2\/types\/page"}],"author":[{"embeddable":true,"href":"https:\/\/moreu.com\/en\/wp-json\/wp\/v2\/users\/1"}],"replies":[{"embeddable":true,"href":"https:\/\/moreu.com\/en\/wp-json\/wp\/v2\/comments?post=1361"}],"version-history":[{"count":2,"href":"https:\/\/moreu.com\/en\/wp-json\/wp\/v2\/pages\/1361\/revisions"}],"predecessor-version":[{"id":1437,"href":"https:\/\/moreu.com\/en\/wp-json\/wp\/v2\/pages\/1361\/revisions\/1437"}],"wp:attachment":[{"href":"https:\/\/moreu.com\/en\/wp-json\/wp\/v2\/media?parent=1361"}],"curies":[{"name":"wp","href":"https:\/\/api.w.org\/{rel}","templated":true}]}}