{"id":1363,"date":"2023-09-29T08:20:37","date_gmt":"2023-09-29T08:20:37","guid":{"rendered":"https:\/\/moreu.com\/shellac\/"},"modified":"2024-04-10T10:38:23","modified_gmt":"2024-04-10T10:38:23","slug":"shellac","status":"publish","type":"page","link":"https:\/\/moreu.com\/en\/shellac\/","title":{"rendered":"Shellac"},"content":{"rendered":"\t\t<div data-elementor-type=\"wp-page\" data-elementor-id=\"1363\" class=\"elementor elementor-1363 elementor-980\" data-elementor-post-type=\"page\">\n\t\t\t\t\t\t\t<div class=\"elementor-element elementor-element-5a812098 e-flex e-con-boxed e-con e-parent\" data-id=\"5a812098\" data-element_type=\"container\" data-settings=\"{&quot;background_background&quot;:&quot;classic&quot;,&quot;content_width&quot;:&quot;boxed&quot;}\" data-core-v316-plus=\"true\">\n\t\t\t\t\t<div class=\"e-con-inner\">\n\t\t\t\t<div class=\"elementor-element elementor-element-3e73eac0 elementor-widget elementor-widget-heading\" data-id=\"3e73eac0\" data-element_type=\"widget\" data-widget_type=\"heading.default\">\n\t\t\t\t<div class=\"elementor-widget-container\">\n\t\t\t<style>\/*! elementor - v3.17.0 - 08-11-2023 *\/\n.elementor-heading-title{padding:0;margin:0;line-height:1}.elementor-widget-heading .elementor-heading-title[class*=elementor-size-]>a{color:inherit;font-size:inherit;line-height:inherit}.elementor-widget-heading .elementor-heading-title.elementor-size-small{font-size:15px}.elementor-widget-heading .elementor-heading-title.elementor-size-medium{font-size:19px}.elementor-widget-heading .elementor-heading-title.elementor-size-large{font-size:29px}.elementor-widget-heading .elementor-heading-title.elementor-size-xl{font-size:39px}.elementor-widget-heading .elementor-heading-title.elementor-size-xxl{font-size:59px}<\/style><h1 class=\"elementor-heading-title elementor-size-default\">Shellac<\/h1>\t\t<\/div>\n\t\t\t\t<\/div>\n\t\t\t\t\t<\/div>\n\t\t\t\t<\/div>\n\t\t<div class=\"elementor-element elementor-element-7da98aa9 e-flex e-con-boxed e-con e-parent\" data-id=\"7da98aa9\" data-element_type=\"container\" data-settings=\"{&quot;content_width&quot;:&quot;boxed&quot;}\" data-core-v316-plus=\"true\">\n\t\t\t\t\t<div class=\"e-con-inner\">\n\t\t<div class=\"elementor-element elementor-element-74c9eecd e-con-full e-flex e-con e-child\" data-id=\"74c9eecd\" data-element_type=\"container\" data-settings=\"{&quot;content_width&quot;:&quot;full&quot;}\">\n\t\t\t\t<div class=\"elementor-element elementor-element-2aed1a26 elementor-widget elementor-widget-text-editor\" data-id=\"2aed1a26\" data-element_type=\"widget\" data-widget_type=\"text-editor.default\">\n\t\t\t\t<div class=\"elementor-widget-container\">\n\t\t\t<style>\/*! elementor - v3.17.0 - 08-11-2023 *\/\n.elementor-widget-text-editor.elementor-drop-cap-view-stacked .elementor-drop-cap{background-color:#69727d;color:#fff}.elementor-widget-text-editor.elementor-drop-cap-view-framed .elementor-drop-cap{color:#69727d;border:3px solid;background-color:transparent}.elementor-widget-text-editor:not(.elementor-drop-cap-view-default) .elementor-drop-cap{margin-top:8px}.elementor-widget-text-editor:not(.elementor-drop-cap-view-default) .elementor-drop-cap-letter{width:1em;height:1em}.elementor-widget-text-editor .elementor-drop-cap{float:left;text-align:center;line-height:1;font-size:50px}.elementor-widget-text-editor .elementor-drop-cap-letter{display:inline-block}<\/style>\t\t\t\t<ul>\r\n<li>Natural origin varnish in flakes.<\/li>\r\n<li>Natural resins.<\/li>\r\n<li>Natural origin varnish in flakes.<\/li>\r\n<li>SHELLAC RUBBER TN.<\/li>\r\n<li>PLATIN SHELLAC.<\/li>\r\n<li>ORANGE dewaxed SHELLAC.<\/li>\r\n<li>LEMON dewaxed SHELLAC.<\/li>\r\n<li>GARNET dewaxed SHELLAC.<\/li>\r\n<\/ul>\t\t\t\t\t\t<\/div>\n\t\t\t\t<\/div>\n\t\t\t\t<div class=\"elementor-element elementor-element-632049f3 elementor-widget elementor-widget-button\" data-id=\"632049f3\" data-element_type=\"widget\" data-widget_type=\"button.default\">\n\t\t\t\t<div class=\"elementor-widget-container\">\n\t\t\t\t\t<div class=\"elementor-button-wrapper\">\n\t\t\t<a class=\"elementor-button elementor-button-link elementor-size-sm\" href=\"https:\/\/moreu.com\/contacto\/\">\n\t\t\t\t\t\t<span class=\"elementor-button-content-wrapper\">\n\t\t\t\t\t\t<span class=\"elementor-button-text\">Request information<\/span>\n\t\t<\/span>\n\t\t\t\t\t<\/a>\n\t\t<\/div>\n\t\t\t\t<\/div>\n\t\t\t\t<\/div>\n\t\t\t\t<\/div>\n\t\t<div class=\"elementor-element elementor-element-3782a279 e-con-full e-flex e-con e-child\" data-id=\"3782a279\" data-element_type=\"container\" data-settings=\"{&quot;content_width&quot;:&quot;full&quot;}\">\n\t\t\t\t<\/div>\n\t\t<div class=\"elementor-element elementor-element-437dc424 e-flex e-con-boxed e-con e-child\" data-id=\"437dc424\" data-element_type=\"container\" data-settings=\"{&quot;content_width&quot;:&quot;boxed&quot;}\">\n\t\t\t\t\t<div class=\"e-con-inner\">\n\t\t<div class=\"elementor-element elementor-element-3e4e6190 e-flex e-con-boxed e-con e-child\" data-id=\"3e4e6190\" data-element_type=\"container\" data-settings=\"{&quot;content_width&quot;:&quot;boxed&quot;}\">\n\t\t\t\t\t<div class=\"e-con-inner\">\n\t\t\t\t<div class=\"elementor-element elementor-element-7d497994 elementor-widget__width-auto elementor-widget elementor-widget-image\" data-id=\"7d497994\" data-element_type=\"widget\" data-widget_type=\"image.default\">\n\t\t\t\t<div class=\"elementor-widget-container\">\n\t\t\t<style>\/*! elementor - v3.17.0 - 08-11-2023 *\/\n.elementor-widget-image{text-align:center}.elementor-widget-image a{display:inline-block}.elementor-widget-image a img[src$=\".svg\"]{width:48px}.elementor-widget-image img{vertical-align:middle;display:inline-block}<\/style>\t\t\t\t\t\t\t\t\t\t\t\t<img loading=\"lazy\" decoding=\"async\" width=\"52\" height=\"60\" src=\"https:\/\/moreu.com\/wp-content\/uploads\/2023\/09\/drops.png\" class=\"attachment-large size-large wp-image-981\" alt=\"\" \/>\t\t\t\t\t\t\t\t\t\t\t\t\t\t\t<\/div>\n\t\t\t\t<\/div>\n\t\t\t\t<div class=\"elementor-element elementor-element-5f787dc7 elementor-widget__width-auto elementor-widget elementor-widget-text-editor\" data-id=\"5f787dc7\" data-element_type=\"widget\" data-widget_type=\"text-editor.default\">\n\t\t\t\t<div class=\"elementor-widget-container\">\n\t\t\t\t\t\t\t<p>Water soluble<\/p>\n\t\t\t\t\t\t<\/div>\n\t\t\t\t<\/div>\n\t\t\t\t\t<\/div>\n\t\t\t\t<\/div>\n\t\t<div class=\"elementor-element elementor-element-73bbf36e e-flex e-con-boxed e-con e-child\" data-id=\"73bbf36e\" data-element_type=\"container\" data-settings=\"{&quot;content_width&quot;:&quot;boxed&quot;}\">\n\t\t\t\t\t<div class=\"e-con-inner\">\n\t\t\t\t<div class=\"elementor-element elementor-element-4ce979bb elementor-widget__width-auto elementor-widget elementor-widget-image\" data-id=\"4ce979bb\" data-element_type=\"widget\" data-widget_type=\"image.default\">\n\t\t\t\t<div class=\"elementor-widget-container\">\n\t\t\t\t\t\t\t\t\t\t\t\t\t\t\t<img loading=\"lazy\" decoding=\"async\" width=\"63\" height=\"63\" src=\"https:\/\/moreu.com\/wp-content\/uploads\/2023\/09\/biodegradable.png\" class=\"attachment-large size-large wp-image-984\" alt=\"\" \/>\t\t\t\t\t\t\t\t\t\t\t\t\t\t\t<\/div>\n\t\t\t\t<\/div>\n\t\t\t\t<div class=\"elementor-element elementor-element-264151c elementor-widget__width-auto elementor-widget elementor-widget-text-editor\" data-id=\"264151c\" data-element_type=\"widget\" data-widget_type=\"text-editor.default\">\n\t\t\t\t<div class=\"elementor-widget-container\">\n\t\t\t\t\t\t\t<p>Biodegradable<\/p>\n\t\t\t\t\t\t<\/div>\n\t\t\t\t<\/div>\n\t\t\t\t\t<\/div>\n\t\t\t\t<\/div>\n\t\t\t\t\t<\/div>\n\t\t\t\t<\/div>\n\t\t\t\t\t<\/div>\n\t\t\t\t<\/div>\n\t\t<div class=\"elementor-element elementor-element-5406d48c list-producto e-flex e-con-boxed e-con e-parent\" data-id=\"5406d48c\" data-element_type=\"container\" data-settings=\"{&quot;content_width&quot;:&quot;boxed&quot;}\" data-core-v316-plus=\"true\">\n\t\t\t\t\t<div class=\"e-con-inner\">\n\t\t\t\t<div class=\"elementor-element elementor-element-493e7a37 elementor-widget-mobile__width-inherit elementor-position-top elementor-widget elementor-widget-image-box\" data-id=\"493e7a37\" data-element_type=\"widget\" data-widget_type=\"image-box.default\">\n\t\t\t\t<div class=\"elementor-widget-container\">\n\t\t\t<style>\/*! elementor - v3.17.0 - 08-11-2023 *\/\n.elementor-widget-image-box .elementor-image-box-content{width:100%}@media (min-width:768px){.elementor-widget-image-box.elementor-position-left .elementor-image-box-wrapper,.elementor-widget-image-box.elementor-position-right .elementor-image-box-wrapper{display:flex}.elementor-widget-image-box.elementor-position-right .elementor-image-box-wrapper{text-align:right;flex-direction:row-reverse}.elementor-widget-image-box.elementor-position-left .elementor-image-box-wrapper{text-align:left;flex-direction:row}.elementor-widget-image-box.elementor-position-top .elementor-image-box-img{margin:auto}.elementor-widget-image-box.elementor-vertical-align-top .elementor-image-box-wrapper{align-items:flex-start}.elementor-widget-image-box.elementor-vertical-align-middle .elementor-image-box-wrapper{align-items:center}.elementor-widget-image-box.elementor-vertical-align-bottom .elementor-image-box-wrapper{align-items:flex-end}}@media (max-width:767px){.elementor-widget-image-box .elementor-image-box-img{margin-left:auto!important;margin-right:auto!important;margin-bottom:15px}}.elementor-widget-image-box .elementor-image-box-img{display:inline-block}.elementor-widget-image-box .elementor-image-box-title a{color:inherit}.elementor-widget-image-box .elementor-image-box-wrapper{text-align:center}.elementor-widget-image-box .elementor-image-box-description{margin:0}<\/style><div class=\"elementor-image-box-wrapper\"><figure class=\"elementor-image-box-img\"><img loading=\"lazy\" decoding=\"async\" width=\"615\" height=\"465\" src=\"https:\/\/moreu.com\/wp-content\/uploads\/2023\/09\/Goma-Laca-TN-1.jpg\" class=\"attachment-full size-full wp-image-987\" alt=\"\" srcset=\"https:\/\/moreu.com\/wp-content\/uploads\/2023\/09\/Goma-Laca-TN-1.jpg 615w, https:\/\/moreu.com\/wp-content\/uploads\/2023\/09\/Goma-Laca-TN-1-300x227.jpg 300w\" sizes=\"(max-width: 615px) 100vw, 615px\" \/><\/figure><div class=\"elementor-image-box-content\"><h3 class=\"elementor-image-box-title\">SHELLAC<\/h3><p class=\"elementor-image-box-description\">TN<\/p><\/div><\/div>\t\t<\/div>\n\t\t\t\t<\/div>\n\t\t\t\t<div class=\"elementor-element elementor-element-313f8970 elementor-widget-mobile__width-inherit elementor-position-top elementor-widget elementor-widget-image-box\" data-id=\"313f8970\" data-element_type=\"widget\" data-widget_type=\"image-box.default\">\n\t\t\t\t<div class=\"elementor-widget-container\">\n\t\t\t<div class=\"elementor-image-box-wrapper\"><figure class=\"elementor-image-box-img\"><img loading=\"lazy\" decoding=\"async\" width=\"636\" height=\"382\" src=\"https:\/\/moreu.com\/wp-content\/uploads\/2023\/09\/Goma-Laca-Descerada-Platina-1.jpg\" class=\"attachment-full size-full wp-image-990\" alt=\"\" srcset=\"https:\/\/moreu.com\/wp-content\/uploads\/2023\/09\/Goma-Laca-Descerada-Platina-1.jpg 636w, https:\/\/moreu.com\/wp-content\/uploads\/2023\/09\/Goma-Laca-Descerada-Platina-1-300x180.jpg 300w\" sizes=\"(max-width: 636px) 100vw, 636px\" \/><\/figure><div class=\"elementor-image-box-content\"><h3 class=\"elementor-image-box-title\">SHELLAC<\/h3><p class=\"elementor-image-box-description\">PLATEN<\/p><\/div><\/div>\t\t<\/div>\n\t\t\t\t<\/div>\n\t\t\t\t<div class=\"elementor-element elementor-element-5aae5185 elementor-widget-mobile__width-inherit elementor-position-top elementor-widget elementor-widget-image-box\" data-id=\"5aae5185\" data-element_type=\"widget\" data-widget_type=\"image-box.default\">\n\t\t\t\t<div class=\"elementor-widget-container\">\n\t\t\t<div class=\"elementor-image-box-wrapper\"><figure class=\"elementor-image-box-img\"><img loading=\"lazy\" decoding=\"async\" width=\"636\" height=\"497\" src=\"https:\/\/moreu.com\/wp-content\/uploads\/2023\/09\/Goma-Laca-Lemon-1.jpg\" class=\"attachment-full size-full wp-image-993\" alt=\"\" srcset=\"https:\/\/moreu.com\/wp-content\/uploads\/2023\/09\/Goma-Laca-Lemon-1.jpg 636w, https:\/\/moreu.com\/wp-content\/uploads\/2023\/09\/Goma-Laca-Lemon-1-300x234.jpg 300w\" sizes=\"(max-width: 636px) 100vw, 636px\" \/><\/figure><div class=\"elementor-image-box-content\"><h3 class=\"elementor-image-box-title\">SHELLAC<\/h3><p class=\"elementor-image-box-description\">LEMON<\/p><\/div><\/div>\t\t<\/div>\n\t\t\t\t<\/div>\n\t\t\t\t\t<\/div>\n\t\t\t\t<\/div>\n\t\t<div class=\"elementor-element elementor-element-3ce967fb e-flex e-con-boxed e-con e-parent\" data-id=\"3ce967fb\" data-element_type=\"container\" data-settings=\"{&quot;background_background&quot;:&quot;classic&quot;,&quot;content_width&quot;:&quot;boxed&quot;}\" data-core-v316-plus=\"true\">\n\t\t\t\t\t<div class=\"e-con-inner\">\n\t\t<div class=\"elementor-element elementor-element-2b6fba2 e-con-full e-flex e-con e-child\" data-id=\"2b6fba2\" data-element_type=\"container\" data-settings=\"{&quot;content_width&quot;:&quot;full&quot;}\">\n\t\t\t\t<div class=\"elementor-element elementor-element-82a7dc6 elementor-widget__width-inherit elementor-arrows-position-inside elementor-widget elementor-widget-image-carousel\" data-id=\"82a7dc6\" data-element_type=\"widget\" data-settings=\"{&quot;slides_to_show&quot;:&quot;1&quot;,&quot;navigation&quot;:&quot;arrows&quot;,&quot;autoplay&quot;:&quot;yes&quot;,&quot;pause_on_hover&quot;:&quot;yes&quot;,&quot;pause_on_interaction&quot;:&quot;yes&quot;,&quot;autoplay_speed&quot;:5000,&quot;infinite&quot;:&quot;yes&quot;,&quot;effect&quot;:&quot;slide&quot;,&quot;speed&quot;:500}\" data-widget_type=\"image-carousel.default\">\n\t\t\t\t<div class=\"elementor-widget-container\">\n\t\t\t<style>\/*! elementor - v3.17.0 - 08-11-2023 *\/\n.elementor-widget-image-carousel .swiper,.elementor-widget-image-carousel .swiper-container{position:static}.elementor-widget-image-carousel .swiper-container .swiper-slide figure,.elementor-widget-image-carousel .swiper .swiper-slide figure{line-height:inherit}.elementor-widget-image-carousel .swiper-slide{text-align:center}.elementor-image-carousel-wrapper:not(.swiper-container-initialized):not(.swiper-initialized) .swiper-slide{max-width:calc(100% \/ var(--e-image-carousel-slides-to-show, 3))}<\/style>\t\t<div class=\"elementor-image-carousel-wrapper swiper-container\" dir=\"ltr\">\n\t\t\t<div class=\"elementor-image-carousel swiper-wrapper\" aria-live=\"off\">\n\t\t\t\t\t\t\t\t<div class=\"swiper-slide\" role=\"group\" aria-roledescription=\"slide\" aria-label=\"1 of 5\"><figure class=\"swiper-slide-inner\"><img decoding=\"async\" class=\"swiper-slide-image\" src=\"https:\/\/moreu.com\/wp-content\/uploads\/elementor\/thumbs\/6.22-violin-1-qd45lh56wzbtl1tvnx90xixdjrw6unr1vtsih1db4a.jpg\" alt=\"6.22-violin.jpg\" \/><\/figure><\/div><div class=\"swiper-slide\" role=\"group\" aria-roledescription=\"slide\" aria-label=\"2 of 5\"><figure class=\"swiper-slide-inner\"><img decoding=\"async\" class=\"swiper-slide-image\" src=\"https:\/\/moreu.com\/wp-content\/uploads\/elementor\/thumbs\/6.24-Aplicacion-gomal-laca-1-qd45lh56wzbtl1tvnx90xixdjrw6unr1vtsih1dacs.jpg\" alt=\"6.24-Aplicacion-gomal-laca.jpg\" \/><\/figure><\/div><div class=\"swiper-slide\" role=\"group\" aria-roledescription=\"slide\" aria-label=\"3 of 5\"><figure class=\"swiper-slide-inner\"><img decoding=\"async\" class=\"swiper-slide-image\" src=\"https:\/\/moreu.com\/wp-content\/uploads\/elementor\/thumbs\/6.20-Manzana-1-qd45lh56wzbtl1tvnx90xixdjrw6unr1vtsih1depq.jpg\" alt=\"6.20-Manzana.jpg\" \/><\/figure><\/div><div class=\"swiper-slide\" role=\"group\" aria-roledescription=\"slide\" aria-label=\"4 of 5\"><figure class=\"swiper-slide-inner\"><img decoding=\"async\" class=\"swiper-slide-image\" src=\"https:\/\/moreu.com\/wp-content\/uploads\/elementor\/thumbs\/6.21-mezcla-goma-laca-1-qd45lh56wzbtl1tvnx90xixdjrw6unr1vtsih1ddvq.jpg\" alt=\"6.21-mezcla-goma-laca.jpg\" \/><\/figure><\/div><div class=\"swiper-slide\" role=\"group\" aria-roledescription=\"slide\" aria-label=\"5 of 5\"><figure class=\"swiper-slide-inner\"><img decoding=\"async\" class=\"swiper-slide-image\" src=\"https:\/\/moreu.com\/wp-content\/uploads\/elementor\/thumbs\/OTROS-TIPOS-DE-GOMA-LACA-1-qd45li313td3wnsiifnni0ou55rk2cus7yfzybbyig.jpg\" alt=\"OTROS-TIPOS-DE-GOMA-LACA.jpg\" \/><\/figure><\/div>\t\t\t<\/div>\n\t\t\t\t\t\t\t\t\t\t\t\t<div class=\"elementor-swiper-button elementor-swiper-button-prev\" role=\"button\" tabindex=\"0\">\n\t\t\t\t\t\t<i aria-hidden=\"true\" class=\"eicon-chevron-left\"><\/i>\t\t\t\t\t<\/div>\n\t\t\t\t\t<div class=\"elementor-swiper-button elementor-swiper-button-next\" role=\"button\" tabindex=\"0\">\n\t\t\t\t\t\t<i aria-hidden=\"true\" class=\"eicon-chevron-right\"><\/i>\t\t\t\t\t<\/div>\n\t\t\t\t\n\t\t\t\t\t\t\t\t\t<\/div>\n\t\t\t\t<\/div>\n\t\t\t\t<\/div>\n\t\t\t\t<\/div>\n\t\t<div class=\"elementor-element elementor-element-402050b e-con-full e-flex e-con e-child\" data-id=\"402050b\" data-element_type=\"container\" data-settings=\"{&quot;content_width&quot;:&quot;full&quot;}\">\n\t\t\t\t<\/div>\n\t\t<div class=\"elementor-element elementor-element-3590629f e-flex e-con-boxed e-con e-child\" data-id=\"3590629f\" data-element_type=\"container\" data-settings=\"{&quot;motion_fx_motion_fx_scrolling&quot;:&quot;yes&quot;,&quot;motion_fx_translateY_effect&quot;:&quot;yes&quot;,&quot;content_width&quot;:&quot;boxed&quot;,&quot;motion_fx_translateY_speed&quot;:{&quot;unit&quot;:&quot;px&quot;,&quot;size&quot;:4,&quot;sizes&quot;:[]},&quot;motion_fx_translateY_affectedRange&quot;:{&quot;unit&quot;:&quot;%&quot;,&quot;size&quot;:&quot;&quot;,&quot;sizes&quot;:{&quot;start&quot;:0,&quot;end&quot;:100}},&quot;motion_fx_devices&quot;:[&quot;desktop&quot;,&quot;tablet&quot;,&quot;mobile&quot;]}\">\n\t\t\t\t\t<div class=\"e-con-inner\">\n\t\t\t\t<div class=\"elementor-element elementor-element-5148eb80 elementor-widget elementor-widget-heading\" data-id=\"5148eb80\" data-element_type=\"widget\" data-widget_type=\"heading.default\">\n\t\t\t\t<div class=\"elementor-widget-container\">\n\t\t\t<h2 class=\"elementor-heading-title elementor-size-default\">Applications<\/h2>\t\t<\/div>\n\t\t\t\t<\/div>\n\t\t\t\t<div class=\"elementor-element elementor-element-2edffc13 elementor-widget elementor-widget-text-editor\" data-id=\"2edffc13\" data-element_type=\"widget\" data-widget_type=\"text-editor.default\">\n\t\t\t\t<div class=\"elementor-widget-container\">\n\t\t\t\t\t\t\t<p>Explore the endless green applications that shellac has to offer, providing safe, efficient and environmentally friendly solutions for a variety of industries and creative projects.<\/p>\n\t\t\t\t\t\t<\/div>\n\t\t\t\t<\/div>\n\t\t\t\t<div class=\"elementor-element elementor-element-32b34718 elementor-widget elementor-widget-button\" data-id=\"32b34718\" data-element_type=\"widget\" data-widget_type=\"button.default\">\n\t\t\t\t<div class=\"elementor-widget-container\">\n\t\t\t\t\t<div class=\"elementor-button-wrapper\">\n\t\t\t<a class=\"elementor-button elementor-button-link elementor-size-sm\" href=\"https:\/\/moreu.com\/aplicaciones\/\">\n\t\t\t\t\t\t<span class=\"elementor-button-content-wrapper\">\n\t\t\t\t\t\t<span class=\"elementor-button-text\">View applications<\/span>\n\t\t<\/span>\n\t\t\t\t\t<\/a>\n\t\t<\/div>\n\t\t\t\t<\/div>\n\t\t\t\t<\/div>\n\t\t\t\t\t<\/div>\n\t\t\t\t<\/div>\n\t\t\t\t\t<\/div>\n\t\t\t\t<\/div>\n\t\t\t\t\t\t\t<\/div>\n\t\t","protected":false},"excerpt":{"rendered":"<p>Shellac Natural origin varnish in flakes. Natural resins. Natural origin varnish in flakes. SHELLAC RUBBER TN. PLATIN SHELLAC. ORANGE dewaxed SHELLAC. LEMON dewaxed SHELLAC. GARNET dewaxed SHELLAC. Request information Water soluble Biodegradable SHELLAC TN SHELLAC PLATEN SHELLAC LEMON Applications Explore the endless green applications that shellac has to offer, providing safe, efficient and environmentally friendly [&hellip;]<\/p>\n","protected":false},"author":1,"featured_media":0,"parent":0,"menu_order":0,"comment_status":"closed","ping_status":"closed","template":"","meta":{"footnotes":""},"yoast_head":"<!-- This site is optimized with the Yoast SEO plugin v21.5 - https:\/\/yoast.com\/wordpress\/plugins\/seo\/ -->\n<title>Shellac - Moreu Especialistas en fabricaci\u00f3n de Goma laca<\/title>\n<meta name=\"description\" content=\"Expertos en la fabricaci\u00f3n de goma laca biodegradable. Con una s\u00f3lida tradici\u00f3n y experiencia en la producci\u00f3n de goma laca, ofrecemos productos de primera calidad y soluciones a medida. Conf\u00eda en nuestra experiencia y compromiso!\" \/>\n<meta name=\"robots\" content=\"index, follow, max-snippet:-1, max-image-preview:large, max-video-preview:-1\" \/>\n<link rel=\"canonical\" href=\"https:\/\/moreu.com\/goma-laca\/\" \/>\n<meta property=\"og:locale\" content=\"en_US\" \/>\n<meta property=\"og:type\" content=\"article\" \/>\n<meta property=\"og:title\" content=\"Shellac - Moreu Especialistas en fabricaci\u00f3n de Goma laca\" \/>\n<meta property=\"og:description\" content=\"Expertos en la fabricaci\u00f3n de goma laca biodegradable. Con una s\u00f3lida tradici\u00f3n y experiencia en la producci\u00f3n de goma laca, ofrecemos productos de primera calidad y soluciones a medida. Conf\u00eda en nuestra experiencia y compromiso!\" \/>\n<meta property=\"og:url\" content=\"https:\/\/moreu.com\/goma-laca\/\" \/>\n<meta property=\"og:site_name\" content=\"Moreu\" \/>\n<meta property=\"article:modified_time\" content=\"2024-04-10T10:38:23+00:00\" \/>\n<meta property=\"og:image\" content=\"https:\/\/moreu.com\/wp-content\/uploads\/2023\/09\/drops.png\" \/>\n<meta name=\"twitter:card\" content=\"summary_large_image\" \/>\n<script type=\"application\/ld+json\" class=\"yoast-schema-graph\">{\"@context\":\"https:\/\/schema.org\",\"@graph\":[{\"@type\":\"WebPage\",\"@id\":\"https:\/\/moreu.com\/goma-laca\/\",\"url\":\"https:\/\/moreu.com\/goma-laca\/\",\"name\":\"Shellac - Moreu Especialistas en fabricaci\u00f3n de Goma laca\",\"isPartOf\":{\"@id\":\"https:\/\/moreu.com\/#website\"},\"datePublished\":\"2023-09-29T08:20:37+00:00\",\"dateModified\":\"2024-04-10T10:38:23+00:00\",\"description\":\"Expertos en la fabricaci\u00f3n de goma laca biodegradable. Con una s\u00f3lida tradici\u00f3n y experiencia en la producci\u00f3n de goma laca, ofrecemos productos de primera calidad y soluciones a medida. Conf\u00eda en nuestra experiencia y compromiso!\",\"breadcrumb\":{\"@id\":\"https:\/\/moreu.com\/goma-laca\/#breadcrumb\"},\"inLanguage\":\"en-US\",\"potentialAction\":[{\"@type\":\"ReadAction\",\"target\":[\"https:\/\/moreu.com\/goma-laca\/\"]}]},{\"@type\":\"BreadcrumbList\",\"@id\":\"https:\/\/moreu.com\/goma-laca\/#breadcrumb\",\"itemListElement\":[{\"@type\":\"ListItem\",\"position\":1,\"name\":\"Portada\",\"item\":\"https:\/\/moreu.com\/\"},{\"@type\":\"ListItem\",\"position\":2,\"name\":\"Shellac\"}]},{\"@type\":\"WebSite\",\"@id\":\"https:\/\/moreu.com\/#website\",\"url\":\"https:\/\/moreu.com\/\",\"name\":\"Cam Moreu\",\"description\":\"\",\"publisher\":{\"@id\":\"https:\/\/moreu.com\/#organization\"},\"potentialAction\":[{\"@type\":\"SearchAction\",\"target\":{\"@type\":\"EntryPoint\",\"urlTemplate\":\"https:\/\/moreu.com\/?s={search_term_string}\"},\"query-input\":\"required name=search_term_string\"}],\"inLanguage\":\"en-US\"},{\"@type\":\"Organization\",\"@id\":\"https:\/\/moreu.com\/#organization\",\"name\":\"Cam Moreu\",\"url\":\"https:\/\/moreu.com\/\",\"logo\":{\"@type\":\"ImageObject\",\"inLanguage\":\"en-US\",\"@id\":\"https:\/\/moreu.com\/#\/schema\/logo\/image\/\",\"url\":\"https:\/\/moreu.com\/wp-content\/uploads\/2023\/07\/logo.png\",\"contentUrl\":\"https:\/\/moreu.com\/wp-content\/uploads\/2023\/07\/logo.png\",\"width\":208,\"height\":59,\"caption\":\"Cam Moreu\"},\"image\":{\"@id\":\"https:\/\/moreu.com\/#\/schema\/logo\/image\/\"}}]}<\/script>\n<!-- \/ Yoast SEO plugin. -->","yoast_head_json":{"title":"Shellac - Moreu Especialistas en fabricaci\u00f3n de Goma laca","description":"Expertos en la fabricaci\u00f3n de goma laca biodegradable. Con una s\u00f3lida tradici\u00f3n y experiencia en la producci\u00f3n de goma laca, ofrecemos productos de primera calidad y soluciones a medida. Conf\u00eda en nuestra experiencia y compromiso!","robots":{"index":"index","follow":"follow","max-snippet":"max-snippet:-1","max-image-preview":"max-image-preview:large","max-video-preview":"max-video-preview:-1"},"canonical":"https:\/\/moreu.com\/goma-laca\/","og_locale":"en_US","og_type":"article","og_title":"Shellac - Moreu Especialistas en fabricaci\u00f3n de Goma laca","og_description":"Expertos en la fabricaci\u00f3n de goma laca biodegradable. Con una s\u00f3lida tradici\u00f3n y experiencia en la producci\u00f3n de goma laca, ofrecemos productos de primera calidad y soluciones a medida. Conf\u00eda en nuestra experiencia y compromiso!","og_url":"https:\/\/moreu.com\/goma-laca\/","og_site_name":"Moreu","article_modified_time":"2024-04-10T10:38:23+00:00","og_image":[{"url":"https:\/\/moreu.com\/wp-content\/uploads\/2023\/09\/drops.png"}],"twitter_card":"summary_large_image","schema":{"@context":"https:\/\/schema.org","@graph":[{"@type":"WebPage","@id":"https:\/\/moreu.com\/goma-laca\/","url":"https:\/\/moreu.com\/goma-laca\/","name":"Shellac - Moreu Especialistas en fabricaci\u00f3n de Goma laca","isPartOf":{"@id":"https:\/\/moreu.com\/#website"},"datePublished":"2023-09-29T08:20:37+00:00","dateModified":"2024-04-10T10:38:23+00:00","description":"Expertos en la fabricaci\u00f3n de goma laca biodegradable. Con una s\u00f3lida tradici\u00f3n y experiencia en la producci\u00f3n de goma laca, ofrecemos productos de primera calidad y soluciones a medida. Conf\u00eda en nuestra experiencia y compromiso!","breadcrumb":{"@id":"https:\/\/moreu.com\/goma-laca\/#breadcrumb"},"inLanguage":"en-US","potentialAction":[{"@type":"ReadAction","target":["https:\/\/moreu.com\/goma-laca\/"]}]},{"@type":"BreadcrumbList","@id":"https:\/\/moreu.com\/goma-laca\/#breadcrumb","itemListElement":[{"@type":"ListItem","position":1,"name":"Portada","item":"https:\/\/moreu.com\/"},{"@type":"ListItem","position":2,"name":"Shellac"}]},{"@type":"WebSite","@id":"https:\/\/moreu.com\/#website","url":"https:\/\/moreu.com\/","name":"Cam Moreu","description":"","publisher":{"@id":"https:\/\/moreu.com\/#organization"},"potentialAction":[{"@type":"SearchAction","target":{"@type":"EntryPoint","urlTemplate":"https:\/\/moreu.com\/?s={search_term_string}"},"query-input":"required name=search_term_string"}],"inLanguage":"en-US"},{"@type":"Organization","@id":"https:\/\/moreu.com\/#organization","name":"Cam Moreu","url":"https:\/\/moreu.com\/","logo":{"@type":"ImageObject","inLanguage":"en-US","@id":"https:\/\/moreu.com\/#\/schema\/logo\/image\/","url":"https:\/\/moreu.com\/wp-content\/uploads\/2023\/07\/logo.png","contentUrl":"https:\/\/moreu.com\/wp-content\/uploads\/2023\/07\/logo.png","width":208,"height":59,"caption":"Cam Moreu"},"image":{"@id":"https:\/\/moreu.com\/#\/schema\/logo\/image\/"}}]}},"_links":{"self":[{"href":"https:\/\/moreu.com\/en\/wp-json\/wp\/v2\/pages\/1363"}],"collection":[{"href":"https:\/\/moreu.com\/en\/wp-json\/wp\/v2\/pages"}],"about":[{"href":"https:\/\/moreu.com\/en\/wp-json\/wp\/v2\/types\/page"}],"author":[{"embeddable":true,"href":"https:\/\/moreu.com\/en\/wp-json\/wp\/v2\/users\/1"}],"replies":[{"embeddable":true,"href":"https:\/\/moreu.com\/en\/wp-json\/wp\/v2\/comments?post=1363"}],"version-history":[{"count":1,"href":"https:\/\/moreu.com\/en\/wp-json\/wp\/v2\/pages\/1363\/revisions"}],"predecessor-version":[{"id":1364,"href":"https:\/\/moreu.com\/en\/wp-json\/wp\/v2\/pages\/1363\/revisions\/1364"}],"wp:attachment":[{"href":"https:\/\/moreu.com\/en\/wp-json\/wp\/v2\/media?parent=1363"}],"curies":[{"name":"wp","href":"https:\/\/api.w.org\/{rel}","templated":true}]}}