{"id":1368,"date":"2023-09-29T08:27:21","date_gmt":"2023-09-29T08:27:21","guid":{"rendered":"https:\/\/moreu.com\/privacy-policy\/"},"modified":"2025-07-22T11:26:33","modified_gmt":"2025-07-22T11:26:33","slug":"privacy-policy","status":"publish","type":"page","link":"https:\/\/moreu.com\/en\/privacy-policy\/","title":{"rendered":"Privacy Policy"},"content":{"rendered":"\t\t<div data-elementor-type=\"wp-page\" data-elementor-id=\"1368\" class=\"elementor elementor-1368 elementor-1168\" data-elementor-post-type=\"page\">\n\t\t\t\t\t\t\t<div class=\"elementor-element elementor-element-676b60c8 e-flex e-con-boxed e-con e-parent\" data-id=\"676b60c8\" data-element_type=\"container\" data-settings=\"{&quot;content_width&quot;:&quot;boxed&quot;}\" data-core-v316-plus=\"true\">\n\t\t\t\t\t<div class=\"e-con-inner\">\n\t\t\t\t<div class=\"elementor-element elementor-element-68aa9d12 elementor-widget elementor-widget-text-editor\" data-id=\"68aa9d12\" data-element_type=\"widget\" data-widget_type=\"text-editor.default\">\n\t\t\t\t<div class=\"elementor-widget-container\">\n\t\t\t<style>\/*! elementor - v3.17.0 - 08-11-2023 *\/\n.elementor-widget-text-editor.elementor-drop-cap-view-stacked .elementor-drop-cap{background-color:#69727d;color:#fff}.elementor-widget-text-editor.elementor-drop-cap-view-framed .elementor-drop-cap{color:#69727d;border:3px solid;background-color:transparent}.elementor-widget-text-editor:not(.elementor-drop-cap-view-default) .elementor-drop-cap{margin-top:8px}.elementor-widget-text-editor:not(.elementor-drop-cap-view-default) .elementor-drop-cap-letter{width:1em;height:1em}.elementor-widget-text-editor .elementor-drop-cap{float:left;text-align:center;line-height:1;font-size:50px}.elementor-widget-text-editor .elementor-drop-cap-letter{display:inline-block}<\/style>\t\t\t\t<section>\r\n  <h2>Data Protection Information<\/h2>\r\n\r\n  <h3>1. Controller Details<\/h3>\r\n  <p><strong>Entity:<\/strong> CAM MOREU, SLU<br>\r\n     <strong>Entity Tax ID (CIF):<\/strong> B67076976<br>\r\n     <strong>Entity Address:<\/strong> CL TORRENT DE CAN NINOU 1 &#8211; (08150) PARETS DEL VALL\u00c8S<br>\r\n     <strong>Entity Email:<\/strong> moreu@moreu.com<br>\r\n     <strong>Data Controller:<\/strong> PEDRO CAMPS VENTURA<br>\r\n     <strong>Controller&#8217;s Phone Number:<\/strong> 935 731 216<br>\r\n     <strong>Controller&#8217;s Email Address:<\/strong> moreu@moreu.com\r\n  <\/p>\r\n\r\n  <h3>2. Purposes<\/h3>\r\n  <p>In compliance with the provisions of the European General Data Protection Regulation (EU Regulation 2016\/679) and the Spanish Organic Law 3\/2018 on the Protection of Personal Data and Guarantee of Digital Rights, we inform you that, depending on your relationship with us, CAM MOREU, SLU may process the data you provide for one or more of the following purposes:<\/p>\r\n  <ul>\r\n    <li>Sending commercial information from the company by post, email or other means.<\/li>\r\n  <\/ul>\r\n\r\n  <h3>3. Data Retention Period<\/h3>\r\n  <p>Your data will be retained for an indefinite period. If you require earlier deletion, you may request it by exercising your right to erasure. Likewise, data that must be legally retained for a specific time to comply with regulations will be blocked and made available only to the corresponding public authority.<\/p>\r\n\r\n  <h3>4. Legal Basis<\/h3>\r\n  <p>The legal basis for processing your data is: <strong>Unequivocal consent<\/strong>.<\/p>\r\n\r\n  <h3>5. Recipients<\/h3>\r\n  <p>Your personal data may be shared with third parties in the following cases:<\/p>\r\n  <ul>\r\n    <li>IT companies for software and hardware maintenance<\/li>\r\n    <li>Systems maintenance and data storage services<\/li>\r\n    <li>Domain management and web hosting service providers<\/li>\r\n  <\/ul>\r\n\r\n  <h3>6. Your Rights<\/h3>\r\n  <p>You have the right to obtain confirmation as to whether CAM MOREU, SLU is processing your personal data.<\/p>\r\n  <p>Additionally, you have the right to access your personal data and request the rectification of inaccurate data or request erasure when, among other reasons, the data is no longer necessary for the purposes for which it was collected.<\/p>\r\n  <p>In certain circumstances, you may request the restriction of the processing of your data, in which case we will only retain it for the exercise or defense of legal claims.<\/p>\r\n  <p>Moreover, in certain situations and for reasons related to your particular circumstances, you may object to the processing of your data. CAM MOREU, SLU will cease processing the data unless there are compelling legitimate grounds or for the exercise or defense of legal claims.<\/p>\r\n  <p>You may also exercise your right to data portability, as well as withdraw your consent at any time, without affecting the lawfulness of the processing based on the consent before its withdrawal.<\/p>\r\n\r\n  <h3>7. How to Exercise Your Rights<\/h3>\r\n  <p>You may exercise your rights through the following links (not included here):<\/p>\r\n  <ul>\r\n    <li>To exercise your Right of Access click here<\/li>\r\n    <li>To exercise your Right of Rectification click here<\/li>\r\n    <li>To exercise your Right of Erasure (Right to be Forgotten) click here<\/li>\r\n    <li>To exercise your Right of Restriction of Processing click here<\/li>\r\n    <li>To exercise your Right of Objection click here<\/li>\r\n    <li>To exercise your Right to Data Portability click here<\/li>\r\n  <\/ul>\r\n  <p>Alternatively, you may also contact us via postal mail at:<br>\r\n     CL TORRENT DE CAN NINOU 1 &#8211; (08150) PARETS DEL VALL\u00c8S,<br>\r\n     attaching a photocopy of your ID to verify your identity. Please provide as much information as possible about your request: full name, email address used in the account or portal in question, etc.\r\n  <\/p>\r\n\r\n  <h3>8. Supervisory Authority<\/h3>\r\n  <p>Finally, we inform you that you may contact the Spanish Data Protection Agency (AEPD) or any other competent public authority for any complaint related to the processing of your personal data.<\/p>\r\n<\/section>\r\n\t\t\t\t\t\t<\/div>\n\t\t\t\t<\/div>\n\t\t\t\t\t<\/div>\n\t\t\t\t<\/div>\n\t\t\t\t\t\t\t<\/div>\n\t\t","protected":false},"excerpt":{"rendered":"<p>Data Protection Information 1. Controller Details Entity: CAM MOREU, SLU Entity Tax ID (CIF): B67076976 Entity Address: CL TORRENT DE CAN NINOU 1 &#8211; (08150) PARETS DEL VALL\u00c8S Entity Email: moreu@moreu.com Data Controller: PEDRO CAMPS VENTURA Controller&#8217;s Phone Number: 935 731 216 Controller&#8217;s Email Address: moreu@moreu.com 2. Purposes In compliance with the provisions of the [&hellip;]<\/p>\n","protected":false},"author":1,"featured_media":0,"parent":0,"menu_order":0,"comment_status":"closed","ping_status":"closed","template":"","meta":{"footnotes":""},"yoast_head":"<!-- This site is optimized with the Yoast SEO plugin v21.5 - https:\/\/yoast.com\/wordpress\/plugins\/seo\/ -->\n<title>Privacy Policy - Moreu Especialistas en adhesivos de prote\u00ednas naturales<\/title>\n<meta name=\"description\" content=\"Descubre la innovaci\u00f3n en el mundo de los adhesivos con nuestra gama de Adhesivos de Prote\u00ednas Naturales. Estos adhesivos ecol\u00f3gicos y sostenibles ofrecen un fuerte poder de uni\u00f3n, mientras respetan el medio ambiente con ingredientes provenientes de fuentes naturales.\" \/>\n<meta name=\"robots\" content=\"index, follow, max-snippet:-1, max-image-preview:large, max-video-preview:-1\" \/>\n<link rel=\"canonical\" href=\"https:\/\/moreu.com\/politica-de-privacidad\/\" \/>\n<meta property=\"og:locale\" content=\"en_US\" \/>\n<meta property=\"og:type\" content=\"article\" \/>\n<meta property=\"og:title\" content=\"Privacy Policy - Moreu Especialistas en adhesivos de prote\u00ednas naturales\" \/>\n<meta property=\"og:description\" content=\"Descubre la innovaci\u00f3n en el mundo de los adhesivos con nuestra gama de Adhesivos de Prote\u00ednas Naturales. Estos adhesivos ecol\u00f3gicos y sostenibles ofrecen un fuerte poder de uni\u00f3n, mientras respetan el medio ambiente con ingredientes provenientes de fuentes naturales.\" \/>\n<meta property=\"og:url\" content=\"https:\/\/moreu.com\/politica-de-privacidad\/\" \/>\n<meta property=\"og:site_name\" content=\"Moreu\" \/>\n<meta property=\"article:modified_time\" content=\"2025-07-22T11:26:33+00:00\" \/>\n<meta name=\"twitter:card\" content=\"summary_large_image\" \/>\n<meta name=\"twitter:label1\" content=\"Est. reading time\" \/>\n\t<meta name=\"twitter:data1\" content=\"3 minutes\" \/>\n<script type=\"application\/ld+json\" class=\"yoast-schema-graph\">{\"@context\":\"https:\/\/schema.org\",\"@graph\":[{\"@type\":\"WebPage\",\"@id\":\"https:\/\/moreu.com\/politica-de-privacidad\/\",\"url\":\"https:\/\/moreu.com\/politica-de-privacidad\/\",\"name\":\"Privacy Policy - Moreu Especialistas en adhesivos de prote\u00ednas naturales\",\"isPartOf\":{\"@id\":\"https:\/\/moreu.com\/#website\"},\"datePublished\":\"2023-09-29T08:27:21+00:00\",\"dateModified\":\"2025-07-22T11:26:33+00:00\",\"description\":\"Descubre la innovaci\u00f3n en el mundo de los adhesivos con nuestra gama de Adhesivos de Prote\u00ednas Naturales. Estos adhesivos ecol\u00f3gicos y sostenibles ofrecen un fuerte poder de uni\u00f3n, mientras respetan el medio ambiente con ingredientes provenientes de fuentes naturales.\",\"breadcrumb\":{\"@id\":\"https:\/\/moreu.com\/politica-de-privacidad\/#breadcrumb\"},\"inLanguage\":\"en-US\",\"potentialAction\":[{\"@type\":\"ReadAction\",\"target\":[\"https:\/\/moreu.com\/politica-de-privacidad\/\"]}]},{\"@type\":\"BreadcrumbList\",\"@id\":\"https:\/\/moreu.com\/politica-de-privacidad\/#breadcrumb\",\"itemListElement\":[{\"@type\":\"ListItem\",\"position\":1,\"name\":\"Portada\",\"item\":\"https:\/\/moreu.com\/\"},{\"@type\":\"ListItem\",\"position\":2,\"name\":\"Privacy Policy\"}]},{\"@type\":\"WebSite\",\"@id\":\"https:\/\/moreu.com\/#website\",\"url\":\"https:\/\/moreu.com\/\",\"name\":\"Cam Moreu\",\"description\":\"\",\"publisher\":{\"@id\":\"https:\/\/moreu.com\/#organization\"},\"potentialAction\":[{\"@type\":\"SearchAction\",\"target\":{\"@type\":\"EntryPoint\",\"urlTemplate\":\"https:\/\/moreu.com\/?s={search_term_string}\"},\"query-input\":\"required name=search_term_string\"}],\"inLanguage\":\"en-US\"},{\"@type\":\"Organization\",\"@id\":\"https:\/\/moreu.com\/#organization\",\"name\":\"Cam Moreu\",\"url\":\"https:\/\/moreu.com\/\",\"logo\":{\"@type\":\"ImageObject\",\"inLanguage\":\"en-US\",\"@id\":\"https:\/\/moreu.com\/#\/schema\/logo\/image\/\",\"url\":\"https:\/\/moreu.com\/wp-content\/uploads\/2023\/07\/logo.png\",\"contentUrl\":\"https:\/\/moreu.com\/wp-content\/uploads\/2023\/07\/logo.png\",\"width\":208,\"height\":59,\"caption\":\"Cam Moreu\"},\"image\":{\"@id\":\"https:\/\/moreu.com\/#\/schema\/logo\/image\/\"}}]}<\/script>\n<!-- \/ Yoast SEO plugin. -->","yoast_head_json":{"title":"Privacy Policy - Moreu Especialistas en adhesivos de prote\u00ednas naturales","description":"Descubre la innovaci\u00f3n en el mundo de los adhesivos con nuestra gama de Adhesivos de Prote\u00ednas Naturales. Estos adhesivos ecol\u00f3gicos y sostenibles ofrecen un fuerte poder de uni\u00f3n, mientras respetan el medio ambiente con ingredientes provenientes de fuentes naturales.","robots":{"index":"index","follow":"follow","max-snippet":"max-snippet:-1","max-image-preview":"max-image-preview:large","max-video-preview":"max-video-preview:-1"},"canonical":"https:\/\/moreu.com\/politica-de-privacidad\/","og_locale":"en_US","og_type":"article","og_title":"Privacy Policy - Moreu Especialistas en adhesivos de prote\u00ednas naturales","og_description":"Descubre la innovaci\u00f3n en el mundo de los adhesivos con nuestra gama de Adhesivos de Prote\u00ednas Naturales. Estos adhesivos ecol\u00f3gicos y sostenibles ofrecen un fuerte poder de uni\u00f3n, mientras respetan el medio ambiente con ingredientes provenientes de fuentes naturales.","og_url":"https:\/\/moreu.com\/politica-de-privacidad\/","og_site_name":"Moreu","article_modified_time":"2025-07-22T11:26:33+00:00","twitter_card":"summary_large_image","twitter_misc":{"Est. reading time":"3 minutes"},"schema":{"@context":"https:\/\/schema.org","@graph":[{"@type":"WebPage","@id":"https:\/\/moreu.com\/politica-de-privacidad\/","url":"https:\/\/moreu.com\/politica-de-privacidad\/","name":"Privacy Policy - Moreu Especialistas en adhesivos de prote\u00ednas naturales","isPartOf":{"@id":"https:\/\/moreu.com\/#website"},"datePublished":"2023-09-29T08:27:21+00:00","dateModified":"2025-07-22T11:26:33+00:00","description":"Descubre la innovaci\u00f3n en el mundo de los adhesivos con nuestra gama de Adhesivos de Prote\u00ednas Naturales. Estos adhesivos ecol\u00f3gicos y sostenibles ofrecen un fuerte poder de uni\u00f3n, mientras respetan el medio ambiente con ingredientes provenientes de fuentes naturales.","breadcrumb":{"@id":"https:\/\/moreu.com\/politica-de-privacidad\/#breadcrumb"},"inLanguage":"en-US","potentialAction":[{"@type":"ReadAction","target":["https:\/\/moreu.com\/politica-de-privacidad\/"]}]},{"@type":"BreadcrumbList","@id":"https:\/\/moreu.com\/politica-de-privacidad\/#breadcrumb","itemListElement":[{"@type":"ListItem","position":1,"name":"Portada","item":"https:\/\/moreu.com\/"},{"@type":"ListItem","position":2,"name":"Privacy Policy"}]},{"@type":"WebSite","@id":"https:\/\/moreu.com\/#website","url":"https:\/\/moreu.com\/","name":"Cam Moreu","description":"","publisher":{"@id":"https:\/\/moreu.com\/#organization"},"potentialAction":[{"@type":"SearchAction","target":{"@type":"EntryPoint","urlTemplate":"https:\/\/moreu.com\/?s={search_term_string}"},"query-input":"required name=search_term_string"}],"inLanguage":"en-US"},{"@type":"Organization","@id":"https:\/\/moreu.com\/#organization","name":"Cam Moreu","url":"https:\/\/moreu.com\/","logo":{"@type":"ImageObject","inLanguage":"en-US","@id":"https:\/\/moreu.com\/#\/schema\/logo\/image\/","url":"https:\/\/moreu.com\/wp-content\/uploads\/2023\/07\/logo.png","contentUrl":"https:\/\/moreu.com\/wp-content\/uploads\/2023\/07\/logo.png","width":208,"height":59,"caption":"Cam Moreu"},"image":{"@id":"https:\/\/moreu.com\/#\/schema\/logo\/image\/"}}]}},"_links":{"self":[{"href":"https:\/\/moreu.com\/en\/wp-json\/wp\/v2\/pages\/1368"}],"collection":[{"href":"https:\/\/moreu.com\/en\/wp-json\/wp\/v2\/pages"}],"about":[{"href":"https:\/\/moreu.com\/en\/wp-json\/wp\/v2\/types\/page"}],"author":[{"embeddable":true,"href":"https:\/\/moreu.com\/en\/wp-json\/wp\/v2\/users\/1"}],"replies":[{"embeddable":true,"href":"https:\/\/moreu.com\/en\/wp-json\/wp\/v2\/comments?post=1368"}],"version-history":[{"count":12,"href":"https:\/\/moreu.com\/en\/wp-json\/wp\/v2\/pages\/1368\/revisions"}],"predecessor-version":[{"id":1494,"href":"https:\/\/moreu.com\/en\/wp-json\/wp\/v2\/pages\/1368\/revisions\/1494"}],"wp:attachment":[{"href":"https:\/\/moreu.com\/en\/wp-json\/wp\/v2\/media?parent=1368"}],"curies":[{"name":"wp","href":"https:\/\/api.w.org\/{rel}","templated":true}]}}