{"id":1370,"date":"2023-09-29T08:20:37","date_gmt":"2023-09-29T08:20:37","guid":{"rendered":"https:\/\/moreu.com\/water-plaster\/"},"modified":"2024-04-10T10:42:53","modified_gmt":"2024-04-10T10:42:53","slug":"water-plaster","status":"publish","type":"page","link":"https:\/\/moreu.com\/en\/water-plaster\/","title":{"rendered":"Water plaster"},"content":{"rendered":"\t\t<div data-elementor-type=\"wp-page\" data-elementor-id=\"1370\" class=\"elementor elementor-1370 elementor-863\" data-elementor-post-type=\"page\">\n\t\t\t\t\t\t\t<div class=\"elementor-element elementor-element-2bc4353c e-flex e-con-boxed e-con e-parent\" data-id=\"2bc4353c\" data-element_type=\"container\" data-settings=\"{&quot;background_background&quot;:&quot;classic&quot;,&quot;content_width&quot;:&quot;boxed&quot;}\" data-core-v316-plus=\"true\">\n\t\t\t\t\t<div class=\"e-con-inner\">\n\t\t\t\t<div class=\"elementor-element elementor-element-26de050a elementor-widget elementor-widget-heading\" data-id=\"26de050a\" data-element_type=\"widget\" data-widget_type=\"heading.default\">\n\t\t\t\t<div class=\"elementor-widget-container\">\n\t\t\t<style>\/*! elementor - v3.17.0 - 08-11-2023 *\/\n.elementor-heading-title{padding:0;margin:0;line-height:1}.elementor-widget-heading .elementor-heading-title[class*=elementor-size-]>a{color:inherit;font-size:inherit;line-height:inherit}.elementor-widget-heading .elementor-heading-title.elementor-size-small{font-size:15px}.elementor-widget-heading .elementor-heading-title.elementor-size-medium{font-size:19px}.elementor-widget-heading .elementor-heading-title.elementor-size-large{font-size:29px}.elementor-widget-heading .elementor-heading-title.elementor-size-xl{font-size:39px}.elementor-widget-heading .elementor-heading-title.elementor-size-xxl{font-size:59px}<\/style><h1 class=\"elementor-heading-title elementor-size-default\">Water plaster<\/h1>\t\t<\/div>\n\t\t\t\t<\/div>\n\t\t\t\t\t<\/div>\n\t\t\t\t<\/div>\n\t\t<div class=\"elementor-element elementor-element-670162c8 e-flex e-con-boxed e-con e-parent\" data-id=\"670162c8\" data-element_type=\"container\" data-settings=\"{&quot;content_width&quot;:&quot;boxed&quot;}\" data-core-v316-plus=\"true\">\n\t\t\t\t\t<div class=\"e-con-inner\">\n\t\t<div class=\"elementor-element elementor-element-5c22f9ce e-con-full e-flex e-con e-child\" data-id=\"5c22f9ce\" data-element_type=\"container\" data-settings=\"{&quot;content_width&quot;:&quot;full&quot;}\">\n\t\t\t\t<div class=\"elementor-element elementor-element-741a21a7 elementor-widget elementor-widget-text-editor\" data-id=\"741a21a7\" data-element_type=\"widget\" data-widget_type=\"text-editor.default\">\n\t\t\t\t<div class=\"elementor-widget-container\">\n\t\t\t<style>\/*! elementor - v3.17.0 - 08-11-2023 *\/\n.elementor-widget-text-editor.elementor-drop-cap-view-stacked .elementor-drop-cap{background-color:#69727d;color:#fff}.elementor-widget-text-editor.elementor-drop-cap-view-framed .elementor-drop-cap{color:#69727d;border:3px solid;background-color:transparent}.elementor-widget-text-editor:not(.elementor-drop-cap-view-default) .elementor-drop-cap{margin-top:8px}.elementor-widget-text-editor:not(.elementor-drop-cap-view-default) .elementor-drop-cap-letter{width:1em;height:1em}.elementor-widget-text-editor .elementor-drop-cap{float:left;text-align:center;line-height:1;font-size:50px}.elementor-widget-text-editor .elementor-drop-cap-letter{display:inline-block}<\/style>\t\t\t\t<p>Our wood putty, ideal for the manufacture of frames and moldings, is characterized by its ability to cover irregularities in different types of wood. Leaving a fine, smooth surface for subsequent lacquers and hot films.<\/p>\n<p>Available in a range of colors that includes white, black, grey, red and yellow.<\/p>\n\t\t\t\t\t\t<\/div>\n\t\t\t\t<\/div>\n\t\t\t\t<div class=\"elementor-element elementor-element-48a69a2b elementor-widget elementor-widget-button\" data-id=\"48a69a2b\" data-element_type=\"widget\" data-widget_type=\"button.default\">\n\t\t\t\t<div class=\"elementor-widget-container\">\n\t\t\t\t\t<div class=\"elementor-button-wrapper\">\n\t\t\t<a class=\"elementor-button elementor-button-link elementor-size-sm\" href=\"https:\/\/moreu.com\/contacto\/\">\n\t\t\t\t\t\t<span class=\"elementor-button-content-wrapper\">\n\t\t\t\t\t\t<span class=\"elementor-button-text\">Request information<\/span>\n\t\t<\/span>\n\t\t\t\t\t<\/a>\n\t\t<\/div>\n\t\t\t\t<\/div>\n\t\t\t\t<\/div>\n\t\t\t\t<\/div>\n\t\t<div class=\"elementor-element elementor-element-48e3826f e-con-full e-flex e-con e-child\" data-id=\"48e3826f\" data-element_type=\"container\" data-settings=\"{&quot;content_width&quot;:&quot;full&quot;}\">\n\t\t\t\t<\/div>\n\t\t<div class=\"elementor-element elementor-element-ad612b2 e-flex e-con-boxed e-con e-child\" data-id=\"ad612b2\" data-element_type=\"container\" data-settings=\"{&quot;content_width&quot;:&quot;boxed&quot;}\">\n\t\t\t\t\t<div class=\"e-con-inner\">\n\t\t\t\t<div class=\"elementor-element elementor-element-53feeb94 elementor-widget elementor-widget-heading\" data-id=\"53feeb94\" data-element_type=\"widget\" data-widget_type=\"heading.default\">\n\t\t\t\t<div class=\"elementor-widget-container\">\n\t\t\t<h3 class=\"elementor-heading-title elementor-size-default\">Other products<\/h3>\t\t<\/div>\n\t\t\t\t<\/div>\n\t\t\t\t<div class=\"elementor-element elementor-element-310d5792 elementor-icon-list--layout-traditional elementor-list-item-link-full_width elementor-widget elementor-widget-icon-list\" data-id=\"310d5792\" data-element_type=\"widget\" data-widget_type=\"icon-list.default\">\n\t\t\t\t<div class=\"elementor-widget-container\">\n\t\t\t<link rel=\"stylesheet\" href=\"https:\/\/moreu.com\/wp-content\/plugins\/elementor\/assets\/css\/widget-icon-list.min.css\">\t\t<ul class=\"elementor-icon-list-items\">\n\t\t\t\t\t\t\t<li class=\"elementor-icon-list-item\">\n\t\t\t\t\t\t\t\t\t\t\t<span class=\"elementor-icon-list-icon\">\n\t\t\t\t\t\t\t<i aria-hidden=\"true\" class=\"fas fa-chevron-circle-right\"><\/i>\t\t\t\t\t\t<\/span>\n\t\t\t\t\t\t\t\t\t\t<span class=\"elementor-icon-list-text\">MIXTION<\/span>\n\t\t\t\t\t\t\t\t\t<\/li>\n\t\t\t\t\t\t\t\t<li class=\"elementor-icon-list-item\">\n\t\t\t\t\t\t\t\t\t\t\t<span class=\"elementor-icon-list-icon\">\n\t\t\t\t\t\t\t<i aria-hidden=\"true\" class=\"fas fa-chevron-circle-right\"><\/i>\t\t\t\t\t\t<\/span>\n\t\t\t\t\t\t\t\t\t\t<span class=\"elementor-icon-list-text\">wood pulp<\/span>\n\t\t\t\t\t\t\t\t\t<\/li>\n\t\t\t\t\t\t\t\t<li class=\"elementor-icon-list-item\">\n\t\t\t\t\t\t\t\t\t\t\t<span class=\"elementor-icon-list-icon\">\n\t\t\t\t\t\t\t<i aria-hidden=\"true\" class=\"fas fa-chevron-circle-right\"><\/i>\t\t\t\t\t\t<\/span>\n\t\t\t\t\t\t\t\t\t\t<span class=\"elementor-icon-list-text\">Acetate<\/span>\n\t\t\t\t\t\t\t\t\t<\/li>\n\t\t\t\t\t\t<\/ul>\n\t\t\t\t<\/div>\n\t\t\t\t<\/div>\n\t\t\t\t\t<\/div>\n\t\t\t\t<\/div>\n\t\t\t\t\t<\/div>\n\t\t\t\t<\/div>\n\t\t<div class=\"elementor-element elementor-element-4f7d9792 e-flex e-con-boxed e-con e-parent\" data-id=\"4f7d9792\" data-element_type=\"container\" data-settings=\"{&quot;background_background&quot;:&quot;classic&quot;,&quot;content_width&quot;:&quot;boxed&quot;}\" data-core-v316-plus=\"true\">\n\t\t\t\t\t<div class=\"e-con-inner\">\n\t\t<div class=\"elementor-element elementor-element-7f02335f e-con-full e-flex e-con e-child\" data-id=\"7f02335f\" data-element_type=\"container\" data-settings=\"{&quot;content_width&quot;:&quot;full&quot;}\">\n\t\t\t\t<div class=\"elementor-element elementor-element-60e233eb elementor-widget__width-inherit elementor-arrows-position-outside elementor-widget elementor-widget-image-carousel\" data-id=\"60e233eb\" data-element_type=\"widget\" data-settings=\"{&quot;slides_to_show&quot;:&quot;1&quot;,&quot;navigation&quot;:&quot;arrows&quot;,&quot;autoplay&quot;:&quot;yes&quot;,&quot;pause_on_hover&quot;:&quot;yes&quot;,&quot;pause_on_interaction&quot;:&quot;yes&quot;,&quot;autoplay_speed&quot;:5000,&quot;infinite&quot;:&quot;yes&quot;,&quot;effect&quot;:&quot;slide&quot;,&quot;speed&quot;:500}\" data-widget_type=\"image-carousel.default\">\n\t\t\t\t<div class=\"elementor-widget-container\">\n\t\t\t<style>\/*! elementor - v3.17.0 - 08-11-2023 *\/\n.elementor-widget-image-carousel .swiper,.elementor-widget-image-carousel .swiper-container{position:static}.elementor-widget-image-carousel .swiper-container .swiper-slide figure,.elementor-widget-image-carousel .swiper .swiper-slide figure{line-height:inherit}.elementor-widget-image-carousel .swiper-slide{text-align:center}.elementor-image-carousel-wrapper:not(.swiper-container-initialized):not(.swiper-initialized) .swiper-slide{max-width:calc(100% \/ var(--e-image-carousel-slides-to-show, 3))}<\/style>\t\t<div class=\"elementor-image-carousel-wrapper swiper-container\" dir=\"ltr\">\n\t\t\t<div class=\"elementor-image-carousel swiper-wrapper\" aria-live=\"off\">\n\t\t\t\t\t\t\t\t<div class=\"swiper-slide\" role=\"group\" aria-roledescription=\"slide\" aria-label=\"1 of 5\"><figure class=\"swiper-slide-inner\"><img decoding=\"async\" class=\"swiper-slide-image\" src=\"https:\/\/moreu.com\/wp-content\/uploads\/elementor\/thumbs\/6.1.5-moldura-1-qd45lddpa85hjc2patlig3663n5tjyaps0sk5ztnkw.jpg\" alt=\"6.1.5-moldura.jpg\" \/><\/figure><\/div><div class=\"swiper-slide\" role=\"group\" aria-roledescription=\"slide\" aria-label=\"2 of 5\"><figure class=\"swiper-slide-inner\"><img decoding=\"async\" class=\"swiper-slide-image\" src=\"https:\/\/moreu.com\/wp-content\/uploads\/elementor\/thumbs\/6.1.2-moldura-1-qd45lddpa85hjc2patlig3663n5tjyaps0sk5ztnkw.jpg\" alt=\"6.1.2-moldura.jpg\" \/><\/figure><\/div><div class=\"swiper-slide\" role=\"group\" aria-roledescription=\"slide\" aria-label=\"3 of 5\"><figure class=\"swiper-slide-inner\"><img decoding=\"async\" class=\"swiper-slide-image\" src=\"https:\/\/moreu.com\/wp-content\/uploads\/elementor\/thumbs\/6.1.1-maquinaria-1-qd45lddpa85hjc2patlig3663n5tjyaps0sk5ztnkw.jpg\" alt=\"6.1.1-maquinaria.jpg\" \/><\/figure><\/div><div class=\"swiper-slide\" role=\"group\" aria-roledescription=\"slide\" aria-label=\"4 of 5\"><figure class=\"swiper-slide-inner\"><img decoding=\"async\" class=\"swiper-slide-image\" src=\"https:\/\/moreu.com\/wp-content\/uploads\/elementor\/thumbs\/6.1.3-maquinaria-1-qd45lebjh26ruy1c5c050kxmp116rneg45g1n9s9eo.jpg\" alt=\"6.1.3-maquinaria.jpg\" \/><\/figure><\/div><div class=\"swiper-slide\" role=\"group\" aria-roledescription=\"slide\" aria-label=\"5 of 5\"><figure class=\"swiper-slide-inner\"><img decoding=\"async\" class=\"swiper-slide-image\" src=\"https:\/\/moreu.com\/wp-content\/uploads\/elementor\/thumbs\/6.1.4-viscosimetro-1-qd45lebjh26ruy1c5c050kxmp116rneg45g1n9s9eo.jpg\" alt=\"6.1.4-viscosimetro.jpg\" \/><\/figure><\/div>\t\t\t<\/div>\n\t\t\t\t\t\t\t\t\t\t\t\t<div class=\"elementor-swiper-button elementor-swiper-button-prev\" role=\"button\" tabindex=\"0\">\n\t\t\t\t\t\t<i aria-hidden=\"true\" class=\"eicon-chevron-left\"><\/i>\t\t\t\t\t<\/div>\n\t\t\t\t\t<div class=\"elementor-swiper-button elementor-swiper-button-next\" role=\"button\" tabindex=\"0\">\n\t\t\t\t\t\t<i aria-hidden=\"true\" class=\"eicon-chevron-right\"><\/i>\t\t\t\t\t<\/div>\n\t\t\t\t\n\t\t\t\t\t\t\t\t\t<\/div>\n\t\t\t\t<\/div>\n\t\t\t\t<\/div>\n\t\t\t\t<\/div>\n\t\t<div class=\"elementor-element elementor-element-7b4c9d5e e-con-full e-flex e-con e-child\" data-id=\"7b4c9d5e\" data-element_type=\"container\" data-settings=\"{&quot;content_width&quot;:&quot;full&quot;}\">\n\t\t\t\t<\/div>\n\t\t<div class=\"elementor-element elementor-element-71887e1b e-flex e-con-boxed e-con e-child\" data-id=\"71887e1b\" data-element_type=\"container\" data-settings=\"{&quot;motion_fx_motion_fx_scrolling&quot;:&quot;yes&quot;,&quot;motion_fx_translateY_effect&quot;:&quot;yes&quot;,&quot;content_width&quot;:&quot;boxed&quot;,&quot;motion_fx_translateY_speed&quot;:{&quot;unit&quot;:&quot;px&quot;,&quot;size&quot;:4,&quot;sizes&quot;:[]},&quot;motion_fx_translateY_affectedRange&quot;:{&quot;unit&quot;:&quot;%&quot;,&quot;size&quot;:&quot;&quot;,&quot;sizes&quot;:{&quot;start&quot;:0,&quot;end&quot;:100}},&quot;motion_fx_devices&quot;:[&quot;desktop&quot;,&quot;tablet&quot;,&quot;mobile&quot;]}\">\n\t\t\t\t\t<div class=\"e-con-inner\">\n\t\t\t\t<div class=\"elementor-element elementor-element-b9f5d07 elementor-widget elementor-widget-heading\" data-id=\"b9f5d07\" data-element_type=\"widget\" data-widget_type=\"heading.default\">\n\t\t\t\t<div class=\"elementor-widget-container\">\n\t\t\t<h2 class=\"elementor-heading-title elementor-size-default\">Applications<\/h2>\t\t<\/div>\n\t\t\t\t<\/div>\n\t\t\t\t<div class=\"elementor-element elementor-element-479b4a19 elementor-widget elementor-widget-text-editor\" data-id=\"479b4a19\" data-element_type=\"widget\" data-widget_type=\"text-editor.default\">\n\t\t\t\t<div class=\"elementor-widget-container\">\n\t\t\t\t\t\t\t\t\t\t\t\t\t<\/div>\n\t\t\t\t<\/div>\n\t\t\t\t<div class=\"elementor-element elementor-element-1737b824 elementor-widget elementor-widget-button\" data-id=\"1737b824\" data-element_type=\"widget\" data-widget_type=\"button.default\">\n\t\t\t\t<div class=\"elementor-widget-container\">\n\t\t\t\t\t<div class=\"elementor-button-wrapper\">\n\t\t\t<a class=\"elementor-button elementor-button-link elementor-size-sm\" href=\"https:\/\/moreu.com\/aplicaciones\/\">\n\t\t\t\t\t\t<span class=\"elementor-button-content-wrapper\">\n\t\t\t\t\t\t<span class=\"elementor-button-text\">View applications<\/span>\n\t\t<\/span>\n\t\t\t\t\t<\/a>\n\t\t<\/div>\n\t\t\t\t<\/div>\n\t\t\t\t<\/div>\n\t\t\t\t\t<\/div>\n\t\t\t\t<\/div>\n\t\t\t\t\t<\/div>\n\t\t\t\t<\/div>\n\t\t\t\t\t\t\t<\/div>\n\t\t","protected":false},"excerpt":{"rendered":"<p>Water plaster Our wood putty, ideal for the manufacture of frames and moldings, is characterized by its ability to cover irregularities in different types of wood. Leaving a fine, smooth surface for subsequent lacquers and hot films. Available in a range of colors that includes white, black, grey, red and yellow. Request information Other products [&hellip;]<\/p>\n","protected":false},"author":1,"featured_media":0,"parent":0,"menu_order":0,"comment_status":"closed","ping_status":"closed","template":"","meta":{"footnotes":""},"yoast_head":"<!-- This site is optimized with the Yoast SEO plugin v21.5 - https:\/\/yoast.com\/wordpress\/plugins\/seo\/ -->\n<title>Water plaster - Moreu Especialistas en adhesivos de prote\u00ednas naturales<\/title>\n<meta name=\"description\" content=\"Descubre la innovaci\u00f3n en el mundo de los adhesivos con nuestra gama de Adhesivos de Prote\u00ednas Naturales. Estos adhesivos ecol\u00f3gicos y sostenibles ofrecen un fuerte poder de uni\u00f3n, mientras respetan el medio ambiente con ingredientes provenientes de fuentes naturales.\" \/>\n<meta name=\"robots\" content=\"index, follow, max-snippet:-1, max-image-preview:large, max-video-preview:-1\" \/>\n<link rel=\"canonical\" href=\"https:\/\/moreu.com\/yeso-al-agua\/\" \/>\n<meta property=\"og:locale\" content=\"en_US\" \/>\n<meta property=\"og:type\" content=\"article\" \/>\n<meta property=\"og:title\" content=\"Water plaster - Moreu Especialistas en adhesivos de prote\u00ednas naturales\" \/>\n<meta property=\"og:description\" content=\"Descubre la innovaci\u00f3n en el mundo de los adhesivos con nuestra gama de Adhesivos de Prote\u00ednas Naturales. Estos adhesivos ecol\u00f3gicos y sostenibles ofrecen un fuerte poder de uni\u00f3n, mientras respetan el medio ambiente con ingredientes provenientes de fuentes naturales.\" \/>\n<meta property=\"og:url\" content=\"https:\/\/moreu.com\/yeso-al-agua\/\" \/>\n<meta property=\"og:site_name\" content=\"Moreu\" \/>\n<meta property=\"article:modified_time\" content=\"2024-04-10T10:42:53+00:00\" \/>\n<meta property=\"og:image\" content=\"https:\/\/moreu.com\/wp-content\/uploads\/elementor\/thumbs\/6.1.5-moldura-1-qd45lddpa85hjc2patlig3663n5tjyaps0sk5ztnkw.jpg\" \/>\n<meta name=\"twitter:card\" content=\"summary_large_image\" \/>\n<script type=\"application\/ld+json\" class=\"yoast-schema-graph\">{\"@context\":\"https:\/\/schema.org\",\"@graph\":[{\"@type\":\"WebPage\",\"@id\":\"https:\/\/moreu.com\/yeso-al-agua\/\",\"url\":\"https:\/\/moreu.com\/yeso-al-agua\/\",\"name\":\"Water plaster - Moreu Especialistas en adhesivos de prote\u00ednas naturales\",\"isPartOf\":{\"@id\":\"https:\/\/moreu.com\/#website\"},\"datePublished\":\"2023-09-29T08:20:37+00:00\",\"dateModified\":\"2024-04-10T10:42:53+00:00\",\"description\":\"Descubre la innovaci\u00f3n en el mundo de los adhesivos con nuestra gama de Adhesivos de Prote\u00ednas Naturales. Estos adhesivos ecol\u00f3gicos y sostenibles ofrecen un fuerte poder de uni\u00f3n, mientras respetan el medio ambiente con ingredientes provenientes de fuentes naturales.\",\"breadcrumb\":{\"@id\":\"https:\/\/moreu.com\/yeso-al-agua\/#breadcrumb\"},\"inLanguage\":\"en-US\",\"potentialAction\":[{\"@type\":\"ReadAction\",\"target\":[\"https:\/\/moreu.com\/yeso-al-agua\/\"]}]},{\"@type\":\"BreadcrumbList\",\"@id\":\"https:\/\/moreu.com\/yeso-al-agua\/#breadcrumb\",\"itemListElement\":[{\"@type\":\"ListItem\",\"position\":1,\"name\":\"Portada\",\"item\":\"https:\/\/moreu.com\/\"},{\"@type\":\"ListItem\",\"position\":2,\"name\":\"Water plaster\"}]},{\"@type\":\"WebSite\",\"@id\":\"https:\/\/moreu.com\/#website\",\"url\":\"https:\/\/moreu.com\/\",\"name\":\"Cam Moreu\",\"description\":\"\",\"publisher\":{\"@id\":\"https:\/\/moreu.com\/#organization\"},\"potentialAction\":[{\"@type\":\"SearchAction\",\"target\":{\"@type\":\"EntryPoint\",\"urlTemplate\":\"https:\/\/moreu.com\/?s={search_term_string}\"},\"query-input\":\"required name=search_term_string\"}],\"inLanguage\":\"en-US\"},{\"@type\":\"Organization\",\"@id\":\"https:\/\/moreu.com\/#organization\",\"name\":\"Cam Moreu\",\"url\":\"https:\/\/moreu.com\/\",\"logo\":{\"@type\":\"ImageObject\",\"inLanguage\":\"en-US\",\"@id\":\"https:\/\/moreu.com\/#\/schema\/logo\/image\/\",\"url\":\"https:\/\/moreu.com\/wp-content\/uploads\/2023\/07\/logo.png\",\"contentUrl\":\"https:\/\/moreu.com\/wp-content\/uploads\/2023\/07\/logo.png\",\"width\":208,\"height\":59,\"caption\":\"Cam Moreu\"},\"image\":{\"@id\":\"https:\/\/moreu.com\/#\/schema\/logo\/image\/\"}}]}<\/script>\n<!-- \/ Yoast SEO plugin. -->","yoast_head_json":{"title":"Water plaster - Moreu Especialistas en adhesivos de prote\u00ednas naturales","description":"Descubre la innovaci\u00f3n en el mundo de los adhesivos con nuestra gama de Adhesivos de Prote\u00ednas Naturales. Estos adhesivos ecol\u00f3gicos y sostenibles ofrecen un fuerte poder de uni\u00f3n, mientras respetan el medio ambiente con ingredientes provenientes de fuentes naturales.","robots":{"index":"index","follow":"follow","max-snippet":"max-snippet:-1","max-image-preview":"max-image-preview:large","max-video-preview":"max-video-preview:-1"},"canonical":"https:\/\/moreu.com\/yeso-al-agua\/","og_locale":"en_US","og_type":"article","og_title":"Water plaster - Moreu Especialistas en adhesivos de prote\u00ednas naturales","og_description":"Descubre la innovaci\u00f3n en el mundo de los adhesivos con nuestra gama de Adhesivos de Prote\u00ednas Naturales. Estos adhesivos ecol\u00f3gicos y sostenibles ofrecen un fuerte poder de uni\u00f3n, mientras respetan el medio ambiente con ingredientes provenientes de fuentes naturales.","og_url":"https:\/\/moreu.com\/yeso-al-agua\/","og_site_name":"Moreu","article_modified_time":"2024-04-10T10:42:53+00:00","og_image":[{"url":"https:\/\/moreu.com\/wp-content\/uploads\/elementor\/thumbs\/6.1.5-moldura-1-qd45lddpa85hjc2patlig3663n5tjyaps0sk5ztnkw.jpg"}],"twitter_card":"summary_large_image","schema":{"@context":"https:\/\/schema.org","@graph":[{"@type":"WebPage","@id":"https:\/\/moreu.com\/yeso-al-agua\/","url":"https:\/\/moreu.com\/yeso-al-agua\/","name":"Water plaster - Moreu Especialistas en adhesivos de prote\u00ednas naturales","isPartOf":{"@id":"https:\/\/moreu.com\/#website"},"datePublished":"2023-09-29T08:20:37+00:00","dateModified":"2024-04-10T10:42:53+00:00","description":"Descubre la innovaci\u00f3n en el mundo de los adhesivos con nuestra gama de Adhesivos de Prote\u00ednas Naturales. Estos adhesivos ecol\u00f3gicos y sostenibles ofrecen un fuerte poder de uni\u00f3n, mientras respetan el medio ambiente con ingredientes provenientes de fuentes naturales.","breadcrumb":{"@id":"https:\/\/moreu.com\/yeso-al-agua\/#breadcrumb"},"inLanguage":"en-US","potentialAction":[{"@type":"ReadAction","target":["https:\/\/moreu.com\/yeso-al-agua\/"]}]},{"@type":"BreadcrumbList","@id":"https:\/\/moreu.com\/yeso-al-agua\/#breadcrumb","itemListElement":[{"@type":"ListItem","position":1,"name":"Portada","item":"https:\/\/moreu.com\/"},{"@type":"ListItem","position":2,"name":"Water plaster"}]},{"@type":"WebSite","@id":"https:\/\/moreu.com\/#website","url":"https:\/\/moreu.com\/","name":"Cam Moreu","description":"","publisher":{"@id":"https:\/\/moreu.com\/#organization"},"potentialAction":[{"@type":"SearchAction","target":{"@type":"EntryPoint","urlTemplate":"https:\/\/moreu.com\/?s={search_term_string}"},"query-input":"required name=search_term_string"}],"inLanguage":"en-US"},{"@type":"Organization","@id":"https:\/\/moreu.com\/#organization","name":"Cam Moreu","url":"https:\/\/moreu.com\/","logo":{"@type":"ImageObject","inLanguage":"en-US","@id":"https:\/\/moreu.com\/#\/schema\/logo\/image\/","url":"https:\/\/moreu.com\/wp-content\/uploads\/2023\/07\/logo.png","contentUrl":"https:\/\/moreu.com\/wp-content\/uploads\/2023\/07\/logo.png","width":208,"height":59,"caption":"Cam Moreu"},"image":{"@id":"https:\/\/moreu.com\/#\/schema\/logo\/image\/"}}]}},"_links":{"self":[{"href":"https:\/\/moreu.com\/en\/wp-json\/wp\/v2\/pages\/1370"}],"collection":[{"href":"https:\/\/moreu.com\/en\/wp-json\/wp\/v2\/pages"}],"about":[{"href":"https:\/\/moreu.com\/en\/wp-json\/wp\/v2\/types\/page"}],"author":[{"embeddable":true,"href":"https:\/\/moreu.com\/en\/wp-json\/wp\/v2\/users\/1"}],"replies":[{"embeddable":true,"href":"https:\/\/moreu.com\/en\/wp-json\/wp\/v2\/comments?post=1370"}],"version-history":[{"count":1,"href":"https:\/\/moreu.com\/en\/wp-json\/wp\/v2\/pages\/1370\/revisions"}],"predecessor-version":[{"id":1371,"href":"https:\/\/moreu.com\/en\/wp-json\/wp\/v2\/pages\/1370\/revisions\/1371"}],"wp:attachment":[{"href":"https:\/\/moreu.com\/en\/wp-json\/wp\/v2\/media?parent=1370"}],"curies":[{"name":"wp","href":"https:\/\/api.w.org\/{rel}","templated":true}]}}