{"id":1430,"date":"2023-09-29T08:27:35","date_gmt":"2023-09-29T08:27:35","guid":{"rendered":"https:\/\/moreu.com\/avviso-legale\/"},"modified":"2026-01-28T11:14:29","modified_gmt":"2026-01-28T11:14:29","slug":"avviso-legale","status":"publish","type":"page","link":"https:\/\/moreu.com\/it\/avviso-legale\/","title":{"rendered":"Avviso legale"},"content":{"rendered":"\t\t<div data-elementor-type=\"wp-page\" data-elementor-id=\"1430\" class=\"elementor elementor-1430 elementor-1167\" data-elementor-post-type=\"page\">\n\t\t\t\t\t\t\t<div class=\"elementor-element elementor-element-325db61a e-flex e-con-boxed e-con e-parent\" data-id=\"325db61a\" data-element_type=\"container\" data-settings=\"{&quot;content_width&quot;:&quot;boxed&quot;}\" data-core-v316-plus=\"true\">\n\t\t\t\t\t<div class=\"e-con-inner\">\n\t\t\t\t<div class=\"elementor-element elementor-element-22cea01e elementor-widget elementor-widget-text-editor\" data-id=\"22cea01e\" data-element_type=\"widget\" data-widget_type=\"text-editor.default\">\n\t\t\t\t<div class=\"elementor-widget-container\">\n\t\t\t<style>\/*! elementor - v3.17.0 - 08-11-2023 *\/\n.elementor-widget-text-editor.elementor-drop-cap-view-stacked .elementor-drop-cap{background-color:#69727d;color:#fff}.elementor-widget-text-editor.elementor-drop-cap-view-framed .elementor-drop-cap{color:#69727d;border:3px solid;background-color:transparent}.elementor-widget-text-editor:not(.elementor-drop-cap-view-default) .elementor-drop-cap{margin-top:8px}.elementor-widget-text-editor:not(.elementor-drop-cap-view-default) .elementor-drop-cap-letter{width:1em;height:1em}.elementor-widget-text-editor .elementor-drop-cap{float:left;text-align:center;line-height:1;font-size:50px}.elementor-widget-text-editor .elementor-drop-cap-letter{display:inline-block}<\/style>\t\t\t\t<ol>\r\n \t<li style=\"list-style-type: none;\">\r\n<ol>\r\n \t<li><strong>Oggetto e accettazione<\/strong><\/li>\r\n<\/ol>\r\n<\/li>\r\n<\/ol>\r\nIl presente avviso legale regola l\u2019uso del nostro sito web, di cui \u00e8 titolare <strong>CAM MOREU, SLU<\/strong>.\r\nLa navigazione sul sito web di <strong>CAM MOREU, SLU<\/strong> attribuisce la condizione di utente e implica l&#8217;accettazione piena e senza riserve di tutte le disposizioni contenute in questo Avviso Legale, che possono essere soggette a modifiche.\r\nL\u2019utente si impegna a fare un uso corretto del sito web in conformit\u00e0 alle leggi, alla buona fede, all\u2019ordine pubblico, agli usi del traffico e al presente Avviso Legale.\r\nL\u2019utente sar\u00e0 responsabile nei confronti di <strong>CAM MOREU, SLU<\/strong> o di terzi per eventuali danni o pregiudizi causati in conseguenza del mancato rispetto di tale obbligo.\r\n<ol>\r\n \t<li style=\"list-style-type: none;\">\r\n<ol>\r\n \t<li><strong>Identificazione e comunicazioni<\/strong><\/li>\r\n<\/ol>\r\n<\/li>\r\n<\/ol>\r\nIn ottemperanza alla Legge 34\/2002, dell&#8217;11 luglio, sui servizi della societ\u00e0 dell\u2019informazione e sul commercio elettronico, <strong>CAM MOREU, SLU<\/strong> informa che:\r\n<ol>\r\n \t<li style=\"list-style-type: none;\">\r\n<ol>\r\n \t<li style=\"list-style-type: none;\">\r\n<ul>\r\n \t<li>La sua denominazione sociale \u00e8: <strong>CAM MOREU, SLU<\/strong><\/li>\r\n \t<li>Il suo CIF \u00e8: <strong>B67076976<\/strong><\/li>\r\n \t<li>e-mail:<strong> moreu@moreu.com<\/strong><\/li>\r\n \t<li>La sua sede legale \u00e8: <strong>CL TORRENT DE CAN NINOU 1 &#8211; (08150) PARETS DEL VALL\u00c8S<\/strong><\/li>\r\n \t<li>Iscrizione al Registro Mercantile:<\/li>\r\n<\/ul>\r\n<\/li>\r\n<\/ol>\r\n<\/li>\r\n<\/ol>\r\nPer contattarci, mettiamo a disposizione diversi mezzi di comunicazione specificati nella nostra informativa sulla privacy.\r\n\r\nTutte le notifiche e comunicazioni rivolte a <strong>CAM MOREU, SLU<\/strong> si considereranno efficaci a tutti gli effetti se effettuate attraverso i mezzi sopra indicati.\r\n<ol>\r\n \t<li style=\"list-style-type: none;\">\r\n<ol>\r\n \t<li><strong>Condizioni di accesso e utilizzo<\/strong><\/li>\r\n<\/ol>\r\n<\/li>\r\n<\/ol>\r\nIl sito web e i suoi servizi sono liberamente accessibili; tuttavia, <strong>CAM MOREU, SLU<\/strong> pu\u00f2 subordinare l\u2019utilizzo di alcuni dei servizi offerti sul sito alla previa compilazione del relativo modulo.\r\n\r\nL\u2019utente garantisce l\u2019autenticit\u00e0 e l\u2019attualit\u00e0 di tutti i dati forniti a <strong>CAM MOREU, SLU<\/strong> ed \u00e8 l\u2019unico responsabile per dichiarazioni false o inesatte.\r\n\r\nL\u2019utente si impegna espressamente a fare un uso appropriato dei contenuti e dei servizi offerti da <strong>CAM MOREU, SLU<\/strong> e a non impiegarli per, tra l\u2019altro:\r\n<ol>\r\n \t<li style=\"list-style-type: none;\">\r\n<ol>\r\n \t<li style=\"list-style-type: none;\">\r\n<ul>\r\n \t<li>Diffondere contenuti illeciti, violenti, pornografici, razzisti, xenofobi, offensivi, di apologia del terrorismo o, in generale, contrari alla legge o all\u2019ordine pubblico.<\/li>\r\n \t<li>Introdurre virus informatici o realizzare azioni atte a alterare, danneggiare, interrompere o generare errori nei documenti elettronici, dati o sistemi informatici di <strong>CAM MOREU, SLU<\/strong> o di terzi; cos\u00ec come impedire l\u2019accesso di altri utenti al sito web mediante il consumo massivo di risorse informatiche attraverso cui <strong>CAM MOREU, SLU<\/strong> presta i propri servizi.<\/li>\r\n \t<li>Tentare di accedere a dati di altri utenti o ad aree riservate dei sistemi informatici di <strong>CAM MOREU, SLU<\/strong> o di terzi, ed eventualmente estrarre informazioni.<\/li>\r\n \t<li>Violare i diritti di propriet\u00e0 intellettuale o industriale, nonch\u00e9 la riservatezza delle informazioni di <strong>CAM MOREU, SLU<\/strong> o di terzi.<\/li>\r\n \t<li>Usurpare l\u2019identit\u00e0 di un altro utente, della pubblica amministrazione o di un terzo.<\/li>\r\n \t<li>Riprodurre, copiare, distribuire, mettere a disposizione o comunicare pubblicamente, trasformare o modificare i contenuti salvo autorizzazione del titolare dei diritti o nei casi legalmente permessi.<\/li>\r\n \t<li>Raccogliere dati a fini pubblicitari e inviare pubblicit\u00e0 o comunicazioni a scopo commerciale senza previa richiesta o consenso.<\/li>\r\n<\/ul>\r\n<\/li>\r\n<\/ol>\r\n<\/li>\r\n<\/ol>\r\nTutti i contenuti del sito web \u2013 testi, fotografie, grafici, immagini, icone, tecnologia, software, design grafico e codice sorgente \u2013 sono di propriet\u00e0 di <strong>CAM MOREU, SLU<\/strong>. Non si intende conferito alcun diritto di sfruttamento sui contenuti oltre quanto strettamente necessario per il corretto utilizzo del sito web.\r\n\r\nChi accede a questo sito pu\u00f2 visualizzare i contenuti e, eventualmente, farne copie private autorizzate, purch\u00e9 gli elementi riprodotti non vengano successivamente ceduti a terzi, installati su server collegati in rete o utilizzati a fini commerciali.\r\n\r\nTutti i marchi, nomi commerciali o segni distintivi presenti sul sito sono di propriet\u00e0 di <strong>CAM MOREU, SLU<\/strong>. L\u2019accesso al sito non conferisce alcun diritto sugli stessi.\r\n\r\n\u00c8 vietata qualsiasi distribuzione, modifica, cessione o comunicazione pubblica dei contenuti non espressamente autorizzata.\r\n\r\nL\u2019eventuale inserimento di un collegamento ipertestuale non implica l\u2019esistenza di rapporti tra <strong>CAM MOREU, SLU<\/strong> e il proprietario del sito di destinazione, n\u00e9 l\u2019approvazione dei suoi contenuti.\r\nChi intenda inserire un collegamento ipertestuale deve richiedere autorizzazione scritta a <strong>CAM MOREU, SLU<\/strong>. In ogni caso, il collegamento dovr\u00e0 consentire solo l\u2019accesso alla homepage del sito e non dovr\u00e0 contenere dichiarazioni false o illecite su <strong>CAM MOREU, SLU<\/strong>.\r\n\r\n<strong>CAM MOREU, SLU<\/strong> non \u00e8 responsabile dell\u2019uso che ogni utente faccia dei materiali presenti su questo sito n\u00e9 delle azioni che intraprenda sulla base degli stessi.\r\n<ol>\r\n \t<li style=\"list-style-type: none;\">\r\n<ol>\r\n \t<li><strong>Esclusione di garanzie e responsabilit\u00e0<\/strong><\/li>\r\n<\/ol>\r\n<\/li>\r\n<\/ol>\r\n<strong>CAM MOREU, SLU<\/strong> esclude, nei limiti consentiti dalla legge, ogni responsabilit\u00e0 per danni di qualsiasi natura derivanti da:\r\n<ol>\r\n \t<li style=\"list-style-type: none;\">\r\n<ol>\r\n \t<li style=\"list-style-type: none;\">\r\n<ul>\r\n \t<li>L\u2019impossibilit\u00e0 di accedere al sito web o la mancanza di veridicit\u00e0, accuratezza o attualit\u00e0 dei contenuti, nonch\u00e9 la presenza di difetti nei contenuti trasmessi, diffusi o messi a disposizione tramite il sito o i servizi offerti.<\/li>\r\n \t<li>La presenza di virus o altri elementi nei contenuti che possano provocare alterazioni nei sistemi informatici o nei dati degli utenti.<\/li>\r\n \t<li>Il mancato rispetto delle leggi, della buona fede, dell\u2019ordine pubblico, degli usi del traffico e del presente avviso legale in conseguenza di un uso scorretto del sito.<\/li>\r\n<\/ul>\r\n<\/li>\r\n<\/ol>\r\n<\/li>\r\n<\/ol>\r\nIn particolare, <strong>CAM MOREU, SLU<\/strong> declina ogni responsabilit\u00e0 per le azioni di terzi che violino diritti di propriet\u00e0 intellettuale o industriale, segreti aziendali, diritti all\u2019onore, alla privacy personale e familiare e all\u2019immagine, nonch\u00e9 le normative sulla concorrenza sleale e pubblicit\u00e0 illecita.\r\n\r\n<strong>CAM MOREU, SLU<\/strong> declina altres\u00ec ogni responsabilit\u00e0 sulle informazioni presenti su siti esterni non gestiti direttamente dal nostro webmaster.\r\nI collegamenti presenti sul sito hanno lo scopo esclusivo di informare l\u2019utente sull\u2019esistenza di altre fonti di contenuto.\r\n<strong>CAM MOREU, SLU<\/strong> non garantisce n\u00e9 \u00e8 responsabile del funzionamento o accessibilit\u00e0 dei siti collegati, n\u00e9 ne raccomanda la visita.\r\n<ol>\r\n \t<li style=\"list-style-type: none;\">\r\n<ol>\r\n \t<li><strong>Procedura in caso di attivit\u00e0 illecite<\/strong><\/li>\r\n<\/ol>\r\n<\/li>\r\n<\/ol>\r\nQualora l\u2019utente o un terzo ritenga che esistano fatti o circostanze che indichino l\u2019illiceit\u00e0 dell\u2019uso di qualsiasi contenuto o attivit\u00e0 nelle pagine web accessibili tramite il sito, deve contattare <strong>CAM MOREU, SLU<\/strong> fornendo l\u2019identificazione, la descrizione delle violazioni e una dichiarazione responsabile sull\u2019accuratezza delle informazioni fornite.\r\n\r\nPer qualsiasi controversia relativa al sito web di <strong>CAM MOREU, SLU<\/strong> si applicher\u00e0 la legislazione spagnola, essendo competenti i Tribunali pi\u00f9 vicini alla sede dell\u2019azienda in Spagna.\r\n<ol>\r\n \t<li style=\"list-style-type: none;\">\r\n<ol>\r\n \t<li><strong>Pubblicazioni<\/strong><\/li>\r\n<\/ol>\r\n<\/li>\r\n<\/ol>\r\nLe informazioni amministrative fornite tramite il sito web non sostituiscono la pubblicazione legale di leggi, normative, piani e disposizioni generali che devono essere pubblicati sui bollettini ufficiali delle pubbliche amministrazioni, che sono l\u2019unico strumento che attesta la loro autenticit\u00e0 e validit\u00e0.\r\nLe informazioni disponibili sul sito devono essere intese come una guida senza valore legale.\t\t\t\t\t\t<\/div>\n\t\t\t\t<\/div>\n\t\t\t\t\t<\/div>\n\t\t\t\t<\/div>\n\t\t\t\t\t\t\t<\/div>\n\t\t","protected":false},"excerpt":{"rendered":"<p>Oggetto e accettazione Il presente avviso legale regola l\u2019uso del nostro sito web, di cui \u00e8 titolare CAM MOREU, SLU. La navigazione sul sito web di CAM MOREU, SLU attribuisce la condizione di utente e implica l&#8217;accettazione piena e senza riserve di tutte le disposizioni contenute in questo Avviso Legale, che possono essere soggette a [&hellip;]<\/p>\n","protected":false},"author":1,"featured_media":0,"parent":0,"menu_order":0,"comment_status":"closed","ping_status":"closed","template":"","meta":{"footnotes":""},"yoast_head":"<!-- This site is optimized with the Yoast SEO plugin v21.5 - https:\/\/yoast.com\/wordpress\/plugins\/seo\/ -->\n<title>Avviso legale - Moreu Especialistas en adhesivos de prote\u00ednas naturales<\/title>\n<meta name=\"description\" content=\"Descubre la innovaci\u00f3n en el mundo de los adhesivos con nuestra gama de Adhesivos de Prote\u00ednas Naturales. Estos adhesivos ecol\u00f3gicos y sostenibles ofrecen un fuerte poder de uni\u00f3n, mientras respetan el medio ambiente con ingredientes provenientes de fuentes naturales.\" \/>\n<meta name=\"robots\" content=\"index, follow, max-snippet:-1, max-image-preview:large, max-video-preview:-1\" \/>\n<link rel=\"canonical\" href=\"https:\/\/moreu.com\/aviso-legal\/\" \/>\n<meta property=\"og:locale\" content=\"it_IT\" \/>\n<meta property=\"og:type\" content=\"article\" \/>\n<meta property=\"og:title\" content=\"Avviso legale - Moreu Especialistas en adhesivos de prote\u00ednas naturales\" \/>\n<meta property=\"og:description\" content=\"Descubre la innovaci\u00f3n en el mundo de los adhesivos con nuestra gama de Adhesivos de Prote\u00ednas Naturales. Estos adhesivos ecol\u00f3gicos y sostenibles ofrecen un fuerte poder de uni\u00f3n, mientras respetan el medio ambiente con ingredientes provenientes de fuentes naturales.\" \/>\n<meta property=\"og:url\" content=\"https:\/\/moreu.com\/aviso-legal\/\" \/>\n<meta property=\"og:site_name\" content=\"Moreu\" \/>\n<meta property=\"article:modified_time\" content=\"2026-01-28T11:14:29+00:00\" \/>\n<meta name=\"twitter:card\" content=\"summary_large_image\" \/>\n<meta name=\"twitter:label1\" content=\"Est. reading time\" \/>\n\t<meta name=\"twitter:data1\" content=\"5 minuti\" \/>\n<script type=\"application\/ld+json\" class=\"yoast-schema-graph\">{\"@context\":\"https:\/\/schema.org\",\"@graph\":[{\"@type\":\"WebPage\",\"@id\":\"https:\/\/moreu.com\/aviso-legal\/\",\"url\":\"https:\/\/moreu.com\/aviso-legal\/\",\"name\":\"Avviso legale - Moreu Especialistas en adhesivos de prote\u00ednas naturales\",\"isPartOf\":{\"@id\":\"https:\/\/moreu.com\/#website\"},\"datePublished\":\"2023-09-29T08:27:35+00:00\",\"dateModified\":\"2026-01-28T11:14:29+00:00\",\"description\":\"Descubre la innovaci\u00f3n en el mundo de los adhesivos con nuestra gama de Adhesivos de Prote\u00ednas Naturales. Estos adhesivos ecol\u00f3gicos y sostenibles ofrecen un fuerte poder de uni\u00f3n, mientras respetan el medio ambiente con ingredientes provenientes de fuentes naturales.\",\"breadcrumb\":{\"@id\":\"https:\/\/moreu.com\/aviso-legal\/#breadcrumb\"},\"inLanguage\":\"it-IT\",\"potentialAction\":[{\"@type\":\"ReadAction\",\"target\":[\"https:\/\/moreu.com\/aviso-legal\/\"]}]},{\"@type\":\"BreadcrumbList\",\"@id\":\"https:\/\/moreu.com\/aviso-legal\/#breadcrumb\",\"itemListElement\":[{\"@type\":\"ListItem\",\"position\":1,\"name\":\"Portada\",\"item\":\"https:\/\/moreu.com\/\"},{\"@type\":\"ListItem\",\"position\":2,\"name\":\"Avviso legale\"}]},{\"@type\":\"WebSite\",\"@id\":\"https:\/\/moreu.com\/#website\",\"url\":\"https:\/\/moreu.com\/\",\"name\":\"Cam Moreu\",\"description\":\"\",\"publisher\":{\"@id\":\"https:\/\/moreu.com\/#organization\"},\"potentialAction\":[{\"@type\":\"SearchAction\",\"target\":{\"@type\":\"EntryPoint\",\"urlTemplate\":\"https:\/\/moreu.com\/?s={search_term_string}\"},\"query-input\":\"required name=search_term_string\"}],\"inLanguage\":\"it-IT\"},{\"@type\":\"Organization\",\"@id\":\"https:\/\/moreu.com\/#organization\",\"name\":\"Cam Moreu\",\"url\":\"https:\/\/moreu.com\/\",\"logo\":{\"@type\":\"ImageObject\",\"inLanguage\":\"it-IT\",\"@id\":\"https:\/\/moreu.com\/#\/schema\/logo\/image\/\",\"url\":\"https:\/\/moreu.com\/wp-content\/uploads\/2023\/07\/logo.png\",\"contentUrl\":\"https:\/\/moreu.com\/wp-content\/uploads\/2023\/07\/logo.png\",\"width\":208,\"height\":59,\"caption\":\"Cam Moreu\"},\"image\":{\"@id\":\"https:\/\/moreu.com\/#\/schema\/logo\/image\/\"}}]}<\/script>\n<!-- \/ Yoast SEO plugin. -->","yoast_head_json":{"title":"Avviso legale - Moreu Especialistas en adhesivos de prote\u00ednas naturales","description":"Descubre la innovaci\u00f3n en el mundo de los adhesivos con nuestra gama de Adhesivos de Prote\u00ednas Naturales. Estos adhesivos ecol\u00f3gicos y sostenibles ofrecen un fuerte poder de uni\u00f3n, mientras respetan el medio ambiente con ingredientes provenientes de fuentes naturales.","robots":{"index":"index","follow":"follow","max-snippet":"max-snippet:-1","max-image-preview":"max-image-preview:large","max-video-preview":"max-video-preview:-1"},"canonical":"https:\/\/moreu.com\/aviso-legal\/","og_locale":"it_IT","og_type":"article","og_title":"Avviso legale - Moreu Especialistas en adhesivos de prote\u00ednas naturales","og_description":"Descubre la innovaci\u00f3n en el mundo de los adhesivos con nuestra gama de Adhesivos de Prote\u00ednas Naturales. Estos adhesivos ecol\u00f3gicos y sostenibles ofrecen un fuerte poder de uni\u00f3n, mientras respetan el medio ambiente con ingredientes provenientes de fuentes naturales.","og_url":"https:\/\/moreu.com\/aviso-legal\/","og_site_name":"Moreu","article_modified_time":"2026-01-28T11:14:29+00:00","twitter_card":"summary_large_image","twitter_misc":{"Est. reading time":"5 minuti"},"schema":{"@context":"https:\/\/schema.org","@graph":[{"@type":"WebPage","@id":"https:\/\/moreu.com\/aviso-legal\/","url":"https:\/\/moreu.com\/aviso-legal\/","name":"Avviso legale - Moreu Especialistas en adhesivos de prote\u00ednas naturales","isPartOf":{"@id":"https:\/\/moreu.com\/#website"},"datePublished":"2023-09-29T08:27:35+00:00","dateModified":"2026-01-28T11:14:29+00:00","description":"Descubre la innovaci\u00f3n en el mundo de los adhesivos con nuestra gama de Adhesivos de Prote\u00ednas Naturales. Estos adhesivos ecol\u00f3gicos y sostenibles ofrecen un fuerte poder de uni\u00f3n, mientras respetan el medio ambiente con ingredientes provenientes de fuentes naturales.","breadcrumb":{"@id":"https:\/\/moreu.com\/aviso-legal\/#breadcrumb"},"inLanguage":"it-IT","potentialAction":[{"@type":"ReadAction","target":["https:\/\/moreu.com\/aviso-legal\/"]}]},{"@type":"BreadcrumbList","@id":"https:\/\/moreu.com\/aviso-legal\/#breadcrumb","itemListElement":[{"@type":"ListItem","position":1,"name":"Portada","item":"https:\/\/moreu.com\/"},{"@type":"ListItem","position":2,"name":"Avviso legale"}]},{"@type":"WebSite","@id":"https:\/\/moreu.com\/#website","url":"https:\/\/moreu.com\/","name":"Cam Moreu","description":"","publisher":{"@id":"https:\/\/moreu.com\/#organization"},"potentialAction":[{"@type":"SearchAction","target":{"@type":"EntryPoint","urlTemplate":"https:\/\/moreu.com\/?s={search_term_string}"},"query-input":"required name=search_term_string"}],"inLanguage":"it-IT"},{"@type":"Organization","@id":"https:\/\/moreu.com\/#organization","name":"Cam Moreu","url":"https:\/\/moreu.com\/","logo":{"@type":"ImageObject","inLanguage":"it-IT","@id":"https:\/\/moreu.com\/#\/schema\/logo\/image\/","url":"https:\/\/moreu.com\/wp-content\/uploads\/2023\/07\/logo.png","contentUrl":"https:\/\/moreu.com\/wp-content\/uploads\/2023\/07\/logo.png","width":208,"height":59,"caption":"Cam Moreu"},"image":{"@id":"https:\/\/moreu.com\/#\/schema\/logo\/image\/"}}]}},"_links":{"self":[{"href":"https:\/\/moreu.com\/it\/wp-json\/wp\/v2\/pages\/1430"}],"collection":[{"href":"https:\/\/moreu.com\/it\/wp-json\/wp\/v2\/pages"}],"about":[{"href":"https:\/\/moreu.com\/it\/wp-json\/wp\/v2\/types\/page"}],"author":[{"embeddable":true,"href":"https:\/\/moreu.com\/it\/wp-json\/wp\/v2\/users\/1"}],"replies":[{"embeddable":true,"href":"https:\/\/moreu.com\/it\/wp-json\/wp\/v2\/comments?post=1430"}],"version-history":[{"count":19,"href":"https:\/\/moreu.com\/it\/wp-json\/wp\/v2\/pages\/1430\/revisions"}],"predecessor-version":[{"id":1564,"href":"https:\/\/moreu.com\/it\/wp-json\/wp\/v2\/pages\/1430\/revisions\/1564"}],"wp:attachment":[{"href":"https:\/\/moreu.com\/it\/wp-json\/wp\/v2\/media?parent=1430"}],"curies":[{"name":"wp","href":"https:\/\/api.w.org\/{rel}","templated":true}]}}