{"id":1434,"date":"2023-10-16T15:02:07","date_gmt":"2023-10-16T15:02:07","guid":{"rendered":"https:\/\/moreu.com\/dichiarazione-di-accessibilita\/"},"modified":"2024-04-12T10:54:59","modified_gmt":"2024-04-12T10:54:59","slug":"dichiarazione-di-accessibilita","status":"publish","type":"page","link":"https:\/\/moreu.com\/it\/dichiarazione-di-accessibilita\/","title":{"rendered":"Dichiarazione di accessibilit\u00e0"},"content":{"rendered":"\n<p><strong>1. Dichiarazione di accessibilit\u00e0<\/strong><\/p>\n\n<p>Moreu si impegna a rendere accessibile il proprio sito web, nel rispetto della normativa nazionale di recepimento della Direttiva (UE) 2016\/2102 del Parlamento Europeo e del Consiglio.<\/p>\n\n<p>Questa dichiarazione di accessibilit\u00e0 si applica a https:\/\/moreu.com.<\/p>\n\n<p><strong>2. Stato di conformit\u00e0<\/strong><\/p>\n\n<p><strong>Opzione B<\/strong><\/p>\n\n<p>Questo sito web \u00e8 parzialmente conforme al RD 1112\/2018 a causa delle eccezioni e dei difetti di conformit\u00e0 degli aspetti indicati di seguito.<\/p>\n\n<p><strong>3. Contenuto non accessibile<\/strong><\/p>\n\n<p>Il contenuto raccolto di seguito non \u00e8 accessibile a causa di quanto segue:<\/p>\n\n<ol start=\"1\" style=\"list-style-type:1\">\n<li><strong>mancata conformit\u00e0<\/strong> alla [<in>legislazione nazionale<\/em>]\n<ol start=\"1\" style=\"list-style-type:1\">\n<li>Sono presenti immagini senza testo alternativo<\/li>\n\n\n\n<li>Sono presenti campi modulo senza etichetta<\/li>\n\n\n\n<li>Ci sono pulsanti vuoti<\/li>\n\n\n\n<li>\u00c8 presente contenuto testuale senza contrasto sufficiente<\/li>\n\n\n\n<li>In alcuni casi potrebbe verificarsi una sovrapposizione dei contenuti<\/li>\n<\/ol>\n<\/li>\n<\/ol>\n\n<p><strong>4. Preparazione della presente dichiarazione di accessibilit\u00e0<\/strong><\/p>\n\n<p>La presente dichiarazione \u00e8 stata preparata il 1 febbraio 2023<\/p>\n\n<p>Il metodo utilizzato per questa dichiarazione \u00e8 stato un&#8217;autovalutazione effettuata dall&#8217;Agenzia stessa con il supporto del <a href=\"https:\/\/herramienta-ira.administracionelectronica.gob.es\/#!\/\" target=\"_blank \" rel=\"noreferrer noopener\">IRA Tool (Rapporto di revisione dell&#8217;accessibilit\u00e0)<\/a> dell&#8217;Osservatorio sull&#8217;accessibilit\u00e0.<\/p>\n\n<p>Ultima revisione della dichiarazione: 1 febbraio 2023.<\/p>\n\n<p><strong>5. Osservazioni e informazioni di contatto<\/strong><\/p>\n\n<p>Cam Moreu<br\/>Torrent de Can Ninou s\/n.<br\/>Pol\u00edgono Industrial Levante 08150<br\/>Parets del Vall\u00e8s (Barcellona)<br\/>Spagna<br\/>Numero di telefono: +34 935 624 903<\/p>\n\n<p><br\/><strong><a href=\"mailto:moreu@moreu.com\">moreu@moreu.com<\/a><\/strong><\/p>\n\n<h3 class=\"wp-block-heading\"><strong>Richieste di informazioni accessibili e reclami<\/strong><\/h3>\n\n<p>Attraverso l&#8217;e-mail <a href=\"mailto:moreu@moreu.com\"><strong>moreu@moreu.com<\/strong><\/a>\u00a0puoi inviare:<\/p>\n\n<ul>\n<li>un reclamo relativo al rispetto dei requisiti del RD 1112\/2018 o<\/li>\n\n\n\n<li>una Richiesta Informazioni accessibile relativa a:\n<ul>\n<li>contenuti esclusi dall&#8217;ambito di applicazione del RD 1112\/2018 come stabilito dall&#8217;articolo 3, comma 4<\/li>\n\n\n\n<li>contenuti esentati dal rispetto dei requisiti di accessibilit\u00e0 perch\u00e9 impongono un onere sproporzionato.<\/li>\n<\/ul>\n<\/li>\n<\/ul>\n\n<p>Nella Richiesta di informazioni accessibili devono essere chiaramente specificati i fatti, le ragioni e la richiesta che ci consentano di verificare che si tratti di una richiesta ragionevole e legittima.<\/p>\n\n<p><strong>6. Procedura di richiesta<\/strong><\/p>\n\n<p>Se una volta presentata una richiesta di informazioni accessibili o un reclamo, questa viene respinta, la decisione presa non viene concordata o la risposta non soddisfa i requisiti previsti dall&#8217;articolo 12.5 del RD 1112\/2018, l&#8217;interessato pu\u00f2 avviare un&#8217;azione legale reclamo. Allo stesso modo, se non si ottiene alcuna risposta, \u00e8 possibile avviare un reclamo.<\/p>\n\n<p>La procedura di reclamo inclusa nell&#8217;articolo 13 del RD 1112\/2018 pu\u00f2 essere avviata tramite <a href=\"https:\/\/sedeagpd.gob.es\/sede-electronica-web\/vistas\/formProcedimientoEntrada\/procedimientoEntradaAmplido.jsf\" target=\"_blank\" rel=\"noreferrer noopener\">questo collegamento<\/a>.<\/p>\n","protected":false},"excerpt":{"rendered":"<p>1. Dichiarazione di accessibilit\u00e0 Moreu si impegna a rendere accessibile il proprio sito web, nel rispetto della normativa nazionale di recepimento della Direttiva (UE) 2016\/2102 del Parlamento Europeo e del Consiglio. Questa dichiarazione di accessibilit\u00e0 si applica a https:\/\/moreu.com. 2. Stato di conformit\u00e0 Opzione B Questo sito web \u00e8 parzialmente conforme al RD 1112\/2018 a [&hellip;]<\/p>\n","protected":false},"author":1,"featured_media":0,"parent":0,"menu_order":0,"comment_status":"closed","ping_status":"closed","template":"","meta":{"footnotes":""},"yoast_head":"<!-- This site is optimized with the Yoast SEO plugin v21.5 - https:\/\/yoast.com\/wordpress\/plugins\/seo\/ -->\n<title>Dichiarazione di accessibilit\u00e0 - Moreu Especialistas en adhesivos de prote\u00ednas naturales<\/title>\n<meta name=\"description\" content=\"Descubre la innovaci\u00f3n en el mundo de los adhesivos con nuestra gama de Adhesivos de Prote\u00ednas Naturales. Estos adhesivos ecol\u00f3gicos y sostenibles ofrecen un fuerte poder de uni\u00f3n, mientras respetan el medio ambiente con ingredientes provenientes de fuentes naturales.\" \/>\n<meta name=\"robots\" content=\"index, follow, max-snippet:-1, max-image-preview:large, max-video-preview:-1\" \/>\n<link rel=\"canonical\" href=\"https:\/\/moreu.com\/it\/dichiarazione-di-accessibilita\/\" \/>\n<meta property=\"og:locale\" content=\"it_IT\" \/>\n<meta property=\"og:type\" content=\"article\" \/>\n<meta property=\"og:title\" content=\"Dichiarazione di accessibilit\u00e0 - Moreu Especialistas en adhesivos de prote\u00ednas naturales\" \/>\n<meta property=\"og:description\" content=\"Descubre la innovaci\u00f3n en el mundo de los adhesivos con nuestra gama de Adhesivos de Prote\u00ednas Naturales. Estos adhesivos ecol\u00f3gicos y sostenibles ofrecen un fuerte poder de uni\u00f3n, mientras respetan el medio ambiente con ingredientes provenientes de fuentes naturales.\" \/>\n<meta property=\"og:url\" content=\"https:\/\/moreu.com\/it\/dichiarazione-di-accessibilita\/\" \/>\n<meta property=\"og:site_name\" content=\"Moreu\" \/>\n<meta property=\"article:modified_time\" content=\"2024-04-12T10:54:59+00:00\" \/>\n<meta name=\"twitter:card\" content=\"summary_large_image\" \/>\n<meta name=\"twitter:label1\" content=\"Est. reading time\" \/>\n\t<meta name=\"twitter:data1\" content=\"2 minuti\" \/>\n<script type=\"application\/ld+json\" class=\"yoast-schema-graph\">{\"@context\":\"https:\/\/schema.org\",\"@graph\":[{\"@type\":\"WebPage\",\"@id\":\"https:\/\/moreu.com\/it\/dichiarazione-di-accessibilita\/\",\"url\":\"https:\/\/moreu.com\/it\/dichiarazione-di-accessibilita\/\",\"name\":\"Dichiarazione di accessibilit\u00e0 - Moreu Especialistas en adhesivos de prote\u00ednas naturales\",\"isPartOf\":{\"@id\":\"https:\/\/moreu.com\/#website\"},\"datePublished\":\"2023-10-16T15:02:07+00:00\",\"dateModified\":\"2024-04-12T10:54:59+00:00\",\"description\":\"Descubre la innovaci\u00f3n en el mundo de los adhesivos con nuestra gama de Adhesivos de Prote\u00ednas Naturales. Estos adhesivos ecol\u00f3gicos y sostenibles ofrecen un fuerte poder de uni\u00f3n, mientras respetan el medio ambiente con ingredientes provenientes de fuentes naturales.\",\"breadcrumb\":{\"@id\":\"https:\/\/moreu.com\/it\/dichiarazione-di-accessibilita\/#breadcrumb\"},\"inLanguage\":\"it-IT\",\"potentialAction\":[{\"@type\":\"ReadAction\",\"target\":[\"https:\/\/moreu.com\/it\/dichiarazione-di-accessibilita\/\"]}]},{\"@type\":\"BreadcrumbList\",\"@id\":\"https:\/\/moreu.com\/it\/dichiarazione-di-accessibilita\/#breadcrumb\",\"itemListElement\":[{\"@type\":\"ListItem\",\"position\":1,\"name\":\"Portada\",\"item\":\"https:\/\/moreu.com\/\"},{\"@type\":\"ListItem\",\"position\":2,\"name\":\"Dichiarazione di accessibilit\u00e0\"}]},{\"@type\":\"WebSite\",\"@id\":\"https:\/\/moreu.com\/#website\",\"url\":\"https:\/\/moreu.com\/\",\"name\":\"Cam Moreu\",\"description\":\"\",\"publisher\":{\"@id\":\"https:\/\/moreu.com\/#organization\"},\"potentialAction\":[{\"@type\":\"SearchAction\",\"target\":{\"@type\":\"EntryPoint\",\"urlTemplate\":\"https:\/\/moreu.com\/?s={search_term_string}\"},\"query-input\":\"required name=search_term_string\"}],\"inLanguage\":\"it-IT\"},{\"@type\":\"Organization\",\"@id\":\"https:\/\/moreu.com\/#organization\",\"name\":\"Cam Moreu\",\"url\":\"https:\/\/moreu.com\/\",\"logo\":{\"@type\":\"ImageObject\",\"inLanguage\":\"it-IT\",\"@id\":\"https:\/\/moreu.com\/#\/schema\/logo\/image\/\",\"url\":\"https:\/\/moreu.com\/wp-content\/uploads\/2023\/07\/logo.png\",\"contentUrl\":\"https:\/\/moreu.com\/wp-content\/uploads\/2023\/07\/logo.png\",\"width\":208,\"height\":59,\"caption\":\"Cam Moreu\"},\"image\":{\"@id\":\"https:\/\/moreu.com\/#\/schema\/logo\/image\/\"}}]}<\/script>\n<!-- \/ Yoast SEO plugin. -->","yoast_head_json":{"title":"Dichiarazione di accessibilit\u00e0 - Moreu Especialistas en adhesivos de prote\u00ednas naturales","description":"Descubre la innovaci\u00f3n en el mundo de los adhesivos con nuestra gama de Adhesivos de Prote\u00ednas Naturales. Estos adhesivos ecol\u00f3gicos y sostenibles ofrecen un fuerte poder de uni\u00f3n, mientras respetan el medio ambiente con ingredientes provenientes de fuentes naturales.","robots":{"index":"index","follow":"follow","max-snippet":"max-snippet:-1","max-image-preview":"max-image-preview:large","max-video-preview":"max-video-preview:-1"},"canonical":"https:\/\/moreu.com\/it\/dichiarazione-di-accessibilita\/","og_locale":"it_IT","og_type":"article","og_title":"Dichiarazione di accessibilit\u00e0 - Moreu Especialistas en adhesivos de prote\u00ednas naturales","og_description":"Descubre la innovaci\u00f3n en el mundo de los adhesivos con nuestra gama de Adhesivos de Prote\u00ednas Naturales. Estos adhesivos ecol\u00f3gicos y sostenibles ofrecen un fuerte poder de uni\u00f3n, mientras respetan el medio ambiente con ingredientes provenientes de fuentes naturales.","og_url":"https:\/\/moreu.com\/it\/dichiarazione-di-accessibilita\/","og_site_name":"Moreu","article_modified_time":"2024-04-12T10:54:59+00:00","twitter_card":"summary_large_image","twitter_misc":{"Est. reading time":"2 minuti"},"schema":{"@context":"https:\/\/schema.org","@graph":[{"@type":"WebPage","@id":"https:\/\/moreu.com\/it\/dichiarazione-di-accessibilita\/","url":"https:\/\/moreu.com\/it\/dichiarazione-di-accessibilita\/","name":"Dichiarazione di accessibilit\u00e0 - Moreu Especialistas en adhesivos de prote\u00ednas naturales","isPartOf":{"@id":"https:\/\/moreu.com\/#website"},"datePublished":"2023-10-16T15:02:07+00:00","dateModified":"2024-04-12T10:54:59+00:00","description":"Descubre la innovaci\u00f3n en el mundo de los adhesivos con nuestra gama de Adhesivos de Prote\u00ednas Naturales. Estos adhesivos ecol\u00f3gicos y sostenibles ofrecen un fuerte poder de uni\u00f3n, mientras respetan el medio ambiente con ingredientes provenientes de fuentes naturales.","breadcrumb":{"@id":"https:\/\/moreu.com\/it\/dichiarazione-di-accessibilita\/#breadcrumb"},"inLanguage":"it-IT","potentialAction":[{"@type":"ReadAction","target":["https:\/\/moreu.com\/it\/dichiarazione-di-accessibilita\/"]}]},{"@type":"BreadcrumbList","@id":"https:\/\/moreu.com\/it\/dichiarazione-di-accessibilita\/#breadcrumb","itemListElement":[{"@type":"ListItem","position":1,"name":"Portada","item":"https:\/\/moreu.com\/"},{"@type":"ListItem","position":2,"name":"Dichiarazione di accessibilit\u00e0"}]},{"@type":"WebSite","@id":"https:\/\/moreu.com\/#website","url":"https:\/\/moreu.com\/","name":"Cam Moreu","description":"","publisher":{"@id":"https:\/\/moreu.com\/#organization"},"potentialAction":[{"@type":"SearchAction","target":{"@type":"EntryPoint","urlTemplate":"https:\/\/moreu.com\/?s={search_term_string}"},"query-input":"required name=search_term_string"}],"inLanguage":"it-IT"},{"@type":"Organization","@id":"https:\/\/moreu.com\/#organization","name":"Cam Moreu","url":"https:\/\/moreu.com\/","logo":{"@type":"ImageObject","inLanguage":"it-IT","@id":"https:\/\/moreu.com\/#\/schema\/logo\/image\/","url":"https:\/\/moreu.com\/wp-content\/uploads\/2023\/07\/logo.png","contentUrl":"https:\/\/moreu.com\/wp-content\/uploads\/2023\/07\/logo.png","width":208,"height":59,"caption":"Cam Moreu"},"image":{"@id":"https:\/\/moreu.com\/#\/schema\/logo\/image\/"}}]}},"_links":{"self":[{"href":"https:\/\/moreu.com\/it\/wp-json\/wp\/v2\/pages\/1434"}],"collection":[{"href":"https:\/\/moreu.com\/it\/wp-json\/wp\/v2\/pages"}],"about":[{"href":"https:\/\/moreu.com\/it\/wp-json\/wp\/v2\/types\/page"}],"author":[{"embeddable":true,"href":"https:\/\/moreu.com\/it\/wp-json\/wp\/v2\/users\/1"}],"replies":[{"embeddable":true,"href":"https:\/\/moreu.com\/it\/wp-json\/wp\/v2\/comments?post=1434"}],"version-history":[{"count":2,"href":"https:\/\/moreu.com\/it\/wp-json\/wp\/v2\/pages\/1434\/revisions"}],"predecessor-version":[{"id":1438,"href":"https:\/\/moreu.com\/it\/wp-json\/wp\/v2\/pages\/1434\/revisions\/1438"}],"wp:attachment":[{"href":"https:\/\/moreu.com\/it\/wp-json\/wp\/v2\/media?parent=1434"}],"curies":[{"name":"wp","href":"https:\/\/api.w.org\/{rel}","templated":true}]}}