{"id":1439,"date":"2023-10-16T15:15:34","date_gmt":"2023-10-16T15:15:34","guid":{"rendered":"https:\/\/moreu.com\/mapa-del-sitio\/"},"modified":"2024-04-12T10:55:26","modified_gmt":"2024-04-12T10:55:26","slug":"mapa-del-sitio","status":"publish","type":"page","link":"https:\/\/moreu.com\/it\/mapa-del-sitio\/","title":{"rendered":"Mapa del sitio"},"content":{"rendered":"\t\t<div data-elementor-type=\"wp-page\" data-elementor-id=\"1439\" class=\"elementor elementor-1439 elementor-1237\" data-elementor-post-type=\"page\">\n\t\t\t\t\t\t\t<div class=\"elementor-element elementor-element-530a2643 e-flex e-con-boxed e-con e-parent\" data-id=\"530a2643\" data-element_type=\"container\" data-settings=\"{&quot;content_width&quot;:&quot;boxed&quot;}\" data-core-v316-plus=\"true\">\n\t\t\t\t\t<div class=\"e-con-inner\">\n\t\t\t\t<div class=\"elementor-element elementor-element-750058b elementor-widget elementor-widget-heading\" data-id=\"750058b\" data-element_type=\"widget\" data-widget_type=\"heading.default\">\n\t\t\t\t<div class=\"elementor-widget-container\">\n\t\t\t<style>\/*! elementor - v3.17.0 - 08-11-2023 *\/\n.elementor-heading-title{padding:0;margin:0;line-height:1}.elementor-widget-heading .elementor-heading-title[class*=elementor-size-]>a{color:inherit;font-size:inherit;line-height:inherit}.elementor-widget-heading .elementor-heading-title.elementor-size-small{font-size:15px}.elementor-widget-heading .elementor-heading-title.elementor-size-medium{font-size:19px}.elementor-widget-heading .elementor-heading-title.elementor-size-large{font-size:29px}.elementor-widget-heading .elementor-heading-title.elementor-size-xl{font-size:39px}.elementor-widget-heading .elementor-heading-title.elementor-size-xxl{font-size:59px}<\/style><h1 class=\"elementor-heading-title elementor-size-default\">Mapa del sitio<\/h1>\t\t<\/div>\n\t\t\t\t<\/div>\n\t\t\t\t<div class=\"elementor-element elementor-element-2ef3f14b elementor-widget elementor-widget-text-editor\" data-id=\"2ef3f14b\" data-element_type=\"widget\" data-widget_type=\"text-editor.default\">\n\t\t\t\t<div class=\"elementor-widget-container\">\n\t\t\t<style>\/*! elementor - v3.17.0 - 08-11-2023 *\/\n.elementor-widget-text-editor.elementor-drop-cap-view-stacked .elementor-drop-cap{background-color:#69727d;color:#fff}.elementor-widget-text-editor.elementor-drop-cap-view-framed .elementor-drop-cap{color:#69727d;border:3px solid;background-color:transparent}.elementor-widget-text-editor:not(.elementor-drop-cap-view-default) .elementor-drop-cap{margin-top:8px}.elementor-widget-text-editor:not(.elementor-drop-cap-view-default) .elementor-drop-cap-letter{width:1em;height:1em}.elementor-widget-text-editor .elementor-drop-cap{float:left;text-align:center;line-height:1;font-size:50px}.elementor-widget-text-editor .elementor-drop-cap-letter{display:inline-block}<\/style>\t\t\t\t<div class=\"wsp-container\"><h2 class=\"wsp-pages-title\">Pages<\/h2>\n<ul class=\"wsp-pages-list\">\n<li class=\"page_item page-item-1423\"><a href=\"https:\/\/moreu.com\/it\/applicazioni\/\">Applicazioni<\/a><\/li>\n<li class=\"page_item page-item-1430\"><a href=\"https:\/\/moreu.com\/it\/avviso-legale\/\">Avviso legale<\/a><\/li>\n<li class=\"page_item page-item-1418\"><a href=\"https:\/\/moreu.com\/it\/chi-siamo\/\">Chi siamo<\/a><\/li>\n<li class=\"page_item page-item-1421\"><a href=\"https:\/\/moreu.com\/it\/colla-biodegradabile\/\">Colla biodegradabile<\/a><\/li>\n<li class=\"page_item page-item-1432\"><a href=\"https:\/\/moreu.com\/it\/contatto\/\">Contatto<\/a><\/li>\n<li class=\"page_item page-item-1434\"><a href=\"https:\/\/moreu.com\/it\/dichiarazione-di-accessibilita\/\">Dichiarazione di accessibilit\u00e0<\/a><\/li>\n<li class=\"page_item page-item-1428\"><a href=\"https:\/\/moreu.com\/it\/gesso-allacqua\/\">Gesso all\u2019acqua<\/a><\/li>\n<li class=\"page_item page-item-1426\"><a href=\"https:\/\/moreu.com\/it\/gomma-lacca\/\">Gomma lacca<\/a><\/li>\n<li class=\"page_item page-item-1416\"><a href=\"https:\/\/moreu.com\/it\/\">Inizio<\/a><\/li>\n<li class=\"page_item page-item-1439\"><a href=\"https:\/\/moreu.com\/it\/mapa-del-sitio\/\">Mapa del sitio<\/a><\/li>\n<li class=\"page_item page-item-1441\"><a href=\"https:\/\/moreu.com\/it\/politica-sui-cookie\/\">Politica sui cookie<\/a><\/li>\n<li class=\"page_item page-item-1442\"><a href=\"https:\/\/moreu.com\/it\/politica-sulla-riservatezza\/\">politica sulla riservatezza<\/a><\/li>\n<\/ul>\n<\/div>\r\n\t\t\t\t\t\t<\/div>\n\t\t\t\t<\/div>\n\t\t\t\t\t<\/div>\n\t\t\t\t<\/div>\n\t\t\t\t\t\t\t<\/div>\n\t\t","protected":false},"excerpt":{"rendered":"","protected":false},"author":1,"featured_media":0,"parent":0,"menu_order":0,"comment_status":"closed","ping_status":"closed","template":"","meta":{"footnotes":""},"yoast_head":"<!-- This site is optimized with the Yoast SEO plugin v21.5 - https:\/\/yoast.com\/wordpress\/plugins\/seo\/ -->\n<title>Mapa del sitio - Moreu Especialistas en adhesivos de prote\u00ednas naturales<\/title>\n<meta name=\"description\" content=\"Descubre la innovaci\u00f3n en el mundo de los adhesivos con nuestra gama de Adhesivos de Prote\u00ednas Naturales. Estos adhesivos ecol\u00f3gicos y sostenibles ofrecen un fuerte poder de uni\u00f3n, mientras respetan el medio ambiente con ingredientes provenientes de fuentes naturales.\" \/>\n<meta name=\"robots\" content=\"index, follow, max-snippet:-1, max-image-preview:large, max-video-preview:-1\" \/>\n<link rel=\"canonical\" href=\"https:\/\/moreu.com\/mapa-del-sitio\/\" \/>\n<meta property=\"og:locale\" content=\"it_IT\" \/>\n<meta property=\"og:type\" content=\"article\" \/>\n<meta property=\"og:title\" content=\"Mapa del sitio - Moreu Especialistas en adhesivos de prote\u00ednas naturales\" \/>\n<meta property=\"og:description\" content=\"Descubre la innovaci\u00f3n en el mundo de los adhesivos con nuestra gama de Adhesivos de Prote\u00ednas Naturales. Estos adhesivos ecol\u00f3gicos y sostenibles ofrecen un fuerte poder de uni\u00f3n, mientras respetan el medio ambiente con ingredientes provenientes de fuentes naturales.\" \/>\n<meta property=\"og:url\" content=\"https:\/\/moreu.com\/mapa-del-sitio\/\" \/>\n<meta property=\"og:site_name\" content=\"Moreu\" \/>\n<meta property=\"article:modified_time\" content=\"2024-04-12T10:55:26+00:00\" \/>\n<meta name=\"twitter:card\" content=\"summary_large_image\" \/>\n<script type=\"application\/ld+json\" class=\"yoast-schema-graph\">{\"@context\":\"https:\/\/schema.org\",\"@graph\":[{\"@type\":\"WebPage\",\"@id\":\"https:\/\/moreu.com\/mapa-del-sitio\/\",\"url\":\"https:\/\/moreu.com\/mapa-del-sitio\/\",\"name\":\"Mapa del sitio - Moreu Especialistas en adhesivos de prote\u00ednas naturales\",\"isPartOf\":{\"@id\":\"https:\/\/moreu.com\/#website\"},\"datePublished\":\"2023-10-16T15:15:34+00:00\",\"dateModified\":\"2024-04-12T10:55:26+00:00\",\"description\":\"Descubre la innovaci\u00f3n en el mundo de los adhesivos con nuestra gama de Adhesivos de Prote\u00ednas Naturales. Estos adhesivos ecol\u00f3gicos y sostenibles ofrecen un fuerte poder de uni\u00f3n, mientras respetan el medio ambiente con ingredientes provenientes de fuentes naturales.\",\"breadcrumb\":{\"@id\":\"https:\/\/moreu.com\/mapa-del-sitio\/#breadcrumb\"},\"inLanguage\":\"it-IT\",\"potentialAction\":[{\"@type\":\"ReadAction\",\"target\":[\"https:\/\/moreu.com\/mapa-del-sitio\/\"]}]},{\"@type\":\"BreadcrumbList\",\"@id\":\"https:\/\/moreu.com\/mapa-del-sitio\/#breadcrumb\",\"itemListElement\":[{\"@type\":\"ListItem\",\"position\":1,\"name\":\"Portada\",\"item\":\"https:\/\/moreu.com\/\"},{\"@type\":\"ListItem\",\"position\":2,\"name\":\"Mapa del sitio\"}]},{\"@type\":\"WebSite\",\"@id\":\"https:\/\/moreu.com\/#website\",\"url\":\"https:\/\/moreu.com\/\",\"name\":\"Cam Moreu\",\"description\":\"\",\"publisher\":{\"@id\":\"https:\/\/moreu.com\/#organization\"},\"potentialAction\":[{\"@type\":\"SearchAction\",\"target\":{\"@type\":\"EntryPoint\",\"urlTemplate\":\"https:\/\/moreu.com\/?s={search_term_string}\"},\"query-input\":\"required name=search_term_string\"}],\"inLanguage\":\"it-IT\"},{\"@type\":\"Organization\",\"@id\":\"https:\/\/moreu.com\/#organization\",\"name\":\"Cam Moreu\",\"url\":\"https:\/\/moreu.com\/\",\"logo\":{\"@type\":\"ImageObject\",\"inLanguage\":\"it-IT\",\"@id\":\"https:\/\/moreu.com\/#\/schema\/logo\/image\/\",\"url\":\"https:\/\/moreu.com\/wp-content\/uploads\/2023\/07\/logo.png\",\"contentUrl\":\"https:\/\/moreu.com\/wp-content\/uploads\/2023\/07\/logo.png\",\"width\":208,\"height\":59,\"caption\":\"Cam Moreu\"},\"image\":{\"@id\":\"https:\/\/moreu.com\/#\/schema\/logo\/image\/\"}}]}<\/script>\n<!-- \/ Yoast SEO plugin. -->","yoast_head_json":{"title":"Mapa del sitio - Moreu Especialistas en adhesivos de prote\u00ednas naturales","description":"Descubre la innovaci\u00f3n en el mundo de los adhesivos con nuestra gama de Adhesivos de Prote\u00ednas Naturales. Estos adhesivos ecol\u00f3gicos y sostenibles ofrecen un fuerte poder de uni\u00f3n, mientras respetan el medio ambiente con ingredientes provenientes de fuentes naturales.","robots":{"index":"index","follow":"follow","max-snippet":"max-snippet:-1","max-image-preview":"max-image-preview:large","max-video-preview":"max-video-preview:-1"},"canonical":"https:\/\/moreu.com\/mapa-del-sitio\/","og_locale":"it_IT","og_type":"article","og_title":"Mapa del sitio - Moreu Especialistas en adhesivos de prote\u00ednas naturales","og_description":"Descubre la innovaci\u00f3n en el mundo de los adhesivos con nuestra gama de Adhesivos de Prote\u00ednas Naturales. Estos adhesivos ecol\u00f3gicos y sostenibles ofrecen un fuerte poder de uni\u00f3n, mientras respetan el medio ambiente con ingredientes provenientes de fuentes naturales.","og_url":"https:\/\/moreu.com\/mapa-del-sitio\/","og_site_name":"Moreu","article_modified_time":"2024-04-12T10:55:26+00:00","twitter_card":"summary_large_image","schema":{"@context":"https:\/\/schema.org","@graph":[{"@type":"WebPage","@id":"https:\/\/moreu.com\/mapa-del-sitio\/","url":"https:\/\/moreu.com\/mapa-del-sitio\/","name":"Mapa del sitio - Moreu Especialistas en adhesivos de prote\u00ednas naturales","isPartOf":{"@id":"https:\/\/moreu.com\/#website"},"datePublished":"2023-10-16T15:15:34+00:00","dateModified":"2024-04-12T10:55:26+00:00","description":"Descubre la innovaci\u00f3n en el mundo de los adhesivos con nuestra gama de Adhesivos de Prote\u00ednas Naturales. Estos adhesivos ecol\u00f3gicos y sostenibles ofrecen un fuerte poder de uni\u00f3n, mientras respetan el medio ambiente con ingredientes provenientes de fuentes naturales.","breadcrumb":{"@id":"https:\/\/moreu.com\/mapa-del-sitio\/#breadcrumb"},"inLanguage":"it-IT","potentialAction":[{"@type":"ReadAction","target":["https:\/\/moreu.com\/mapa-del-sitio\/"]}]},{"@type":"BreadcrumbList","@id":"https:\/\/moreu.com\/mapa-del-sitio\/#breadcrumb","itemListElement":[{"@type":"ListItem","position":1,"name":"Portada","item":"https:\/\/moreu.com\/"},{"@type":"ListItem","position":2,"name":"Mapa del sitio"}]},{"@type":"WebSite","@id":"https:\/\/moreu.com\/#website","url":"https:\/\/moreu.com\/","name":"Cam Moreu","description":"","publisher":{"@id":"https:\/\/moreu.com\/#organization"},"potentialAction":[{"@type":"SearchAction","target":{"@type":"EntryPoint","urlTemplate":"https:\/\/moreu.com\/?s={search_term_string}"},"query-input":"required name=search_term_string"}],"inLanguage":"it-IT"},{"@type":"Organization","@id":"https:\/\/moreu.com\/#organization","name":"Cam Moreu","url":"https:\/\/moreu.com\/","logo":{"@type":"ImageObject","inLanguage":"it-IT","@id":"https:\/\/moreu.com\/#\/schema\/logo\/image\/","url":"https:\/\/moreu.com\/wp-content\/uploads\/2023\/07\/logo.png","contentUrl":"https:\/\/moreu.com\/wp-content\/uploads\/2023\/07\/logo.png","width":208,"height":59,"caption":"Cam Moreu"},"image":{"@id":"https:\/\/moreu.com\/#\/schema\/logo\/image\/"}}]}},"_links":{"self":[{"href":"https:\/\/moreu.com\/it\/wp-json\/wp\/v2\/pages\/1439"}],"collection":[{"href":"https:\/\/moreu.com\/it\/wp-json\/wp\/v2\/pages"}],"about":[{"href":"https:\/\/moreu.com\/it\/wp-json\/wp\/v2\/types\/page"}],"author":[{"embeddable":true,"href":"https:\/\/moreu.com\/it\/wp-json\/wp\/v2\/users\/1"}],"replies":[{"embeddable":true,"href":"https:\/\/moreu.com\/it\/wp-json\/wp\/v2\/comments?post=1439"}],"version-history":[{"count":1,"href":"https:\/\/moreu.com\/it\/wp-json\/wp\/v2\/pages\/1439\/revisions"}],"predecessor-version":[{"id":1440,"href":"https:\/\/moreu.com\/it\/wp-json\/wp\/v2\/pages\/1439\/revisions\/1440"}],"wp:attachment":[{"href":"https:\/\/moreu.com\/it\/wp-json\/wp\/v2\/media?parent=1439"}],"curies":[{"name":"wp","href":"https:\/\/api.w.org\/{rel}","templated":true}]}}