{"id":1441,"date":"2023-09-29T08:31:04","date_gmt":"2023-09-29T08:31:04","guid":{"rendered":"https:\/\/moreu.com\/politica-sui-cookie\/"},"modified":"2025-07-22T11:48:50","modified_gmt":"2025-07-22T11:48:50","slug":"politica-sui-cookie","status":"publish","type":"page","link":"https:\/\/moreu.com\/it\/politica-sui-cookie\/","title":{"rendered":"Politica sui cookie"},"content":{"rendered":"\t\t<div data-elementor-type=\"wp-page\" data-elementor-id=\"1441\" class=\"elementor elementor-1441 elementor-1172\" data-elementor-post-type=\"page\">\n\t\t\t\t\t\t\t<div class=\"elementor-element elementor-element-26aa17ad e-flex e-con-boxed e-con e-parent\" data-id=\"26aa17ad\" data-element_type=\"container\" data-settings=\"{&quot;content_width&quot;:&quot;boxed&quot;}\" data-core-v316-plus=\"true\">\n\t\t\t\t\t<div class=\"e-con-inner\">\n\t\t\t\t<div class=\"elementor-element elementor-element-a7e1c74 elementor-widget elementor-widget-text-editor\" data-id=\"a7e1c74\" data-element_type=\"widget\" data-widget_type=\"text-editor.default\">\n\t\t\t\t<div class=\"elementor-widget-container\">\n\t\t\t<style>\/*! elementor - v3.17.0 - 08-11-2023 *\/\n.elementor-widget-text-editor.elementor-drop-cap-view-stacked .elementor-drop-cap{background-color:#69727d;color:#fff}.elementor-widget-text-editor.elementor-drop-cap-view-framed .elementor-drop-cap{color:#69727d;border:3px solid;background-color:transparent}.elementor-widget-text-editor:not(.elementor-drop-cap-view-default) .elementor-drop-cap{margin-top:8px}.elementor-widget-text-editor:not(.elementor-drop-cap-view-default) .elementor-drop-cap-letter{width:1em;height:1em}.elementor-widget-text-editor .elementor-drop-cap{float:left;text-align:center;line-height:1;font-size:50px}.elementor-widget-text-editor .elementor-drop-cap-letter{display:inline-block}<\/style>\t\t\t\t<ol>\r\n  <li><strong>Informazioni generali sui cookie<\/strong><\/li>\r\n  <p>\r\n    La fiducia degli utenti \u00e8 importante per noi e, di conseguenza, presso <strong>CAM MOREU, SLU<\/strong> ci impegniamo a proteggere la tua privacy. Un aspetto fondamentale di questo impegno \u00e8 fornirti tutte le informazioni possibili su come utilizziamo i tuoi dati personali, incluso l\u2019uso dell\u2019archiviazione locale dei dati e di tecnologie simili.\r\n  <\/p>\r\n  <p>\r\n    L\u2019archiviazione locale dei dati implica il salvataggio di diversi tipi di dati direttamente sul tuo dispositivo tramite il browser web. I dati archiviati localmente possono, ad esempio, includere le impostazioni dell\u2019utente, informazioni su come navighi nel nostro sito web, il browser utilizzato, gli annunci visualizzati e comportamenti simili su siti web con cui collaboriamo. Questi dati possono essere usati per personalizzare i contenuti e le funzionalit\u00e0 dei nostri servizi, rendendo le tue visite pi\u00f9 comode e significative.\r\n  <\/p>\r\n  <p>\r\n    Un metodo di archiviazione locale dei dati sono i cookie. I cookie sono piccoli file di testo salvati sul tuo dispositivo (PC, smartphone o tablet) che ci permettono di riconoscere il tuo browser. I cookie contengono principalmente informazioni sul tuo browser e su eventuali attivit\u00e0 avvenute al suo interno. Ci aiutano a garantire la sicurezza e il corretto funzionamento del nostro sito web. Una volta lasciato il nostro sito, questi cookie vengono eliminati (cookie di sicurezza e di sessione). I cookie di tracciamento raccolgono informazioni sugli interessi dei visitatori e su come navigano nel nostro sito, per rendere le nostre offerte online pi\u00f9 attraenti.\r\n  <\/p>\r\n\r\n  <li><strong>Informazioni complementari sui cookie<\/strong><\/li>\r\n  <p>\r\n    Utilizziamo l\u2019archiviazione locale dei dati per vari scopi, tra cui: fornire i nostri servizi; offrirti contenuti pertinenti e personalizzati durante la tua visita; misurare e analizzare il traffico; migliorare i nostri servizi; e proporre pubblicit\u00e0 mirata. Di seguito maggiori dettagli:\r\n  <\/p>\r\n  <ul>\r\n    <li><strong>Per la nostra pubblicit\u00e0<\/strong><br>\r\n      Utilizziamo l\u2019archiviazione locale dei dati per attivit\u00e0 pubblicitarie. Ci permette di sapere se, con quale frequenza e da quanto tempo un utente ha visualizzato un annuncio specifico. Utilizziamo anche tali dati per creare segmenti e gruppi target ai fini di marketing e per pubblicare annunci mirati.\r\n    <\/li>\r\n    <li><strong>Per analizzare e migliorare i nostri servizi<\/strong><br>\r\n      Utilizziamo strumenti di analisi che forniscono statistiche e approfondimenti sui nostri servizi. Questi strumenti riconoscono il browser nel tempo e ci permettono di sapere se l\u2019utente ha gi\u00e0 visitato il sito e con quale frequenza. Le informazioni raccolte ci aiutano a sviluppare e migliorare i nostri servizi, ad esempio identificando quali sono i pi\u00f9 visitati o verificando se funzionano correttamente.\r\n    <\/li>\r\n    <li><strong>Per fornire e adattare i servizi al tuo uso<\/strong><br>\r\n      L\u2019archiviazione locale dei dati \u00e8 necessaria per permetterti di utilizzare i nostri servizi, come le impostazioni di configurazione che determinano la presentazione del sito nel tuo browser. Utilizziamo tali dati anche per adattare i nostri servizi al meglio alle tue esigenze.\r\n    <\/li>\r\n  <\/ul>\r\n\r\n  <li><strong>Gestione dei cookie<\/strong><\/li>\r\n  <p>\r\n    Puoi disattivare i cookie o configurare il browser in modo che ti avvisi quando ne vengono inviati. Le impostazioni del browser mostrano di solito un elenco di tutti i cookie salvati, consentendoti di avere una panoramica generale ed eventualmente eliminarli. Di solito, puoi accettare i cookie solo dai siti visitati o anche da terze parti. Puoi anche scegliere di essere avvisato ogni volta che viene salvato un cookie. Di seguito ti forniamo indicazioni per vari browser. I cookie vengono salvati in una cartella specifica sul disco rigido, che pu\u00f2 essere esaminata in dettaglio.\r\n  <\/p>\r\n  <p>\r\n    Poich\u00e9 i cookie presenti sul sito cambiano frequentemente e non tutti sono ugualmente importanti, se <strong>CAM MOREU, SLU<\/strong> modifica l\u2019uso dei cookie di tracciamento, sarai informato tramite un messaggio. Esistono anche servizi dedicati che forniscono elenchi aggiornati di cookie e altri meccanismi di tracciamento. Ricorda che disattivandoli potresti non usufruire pienamente di tutte le funzionalit\u00e0 del sito.\r\n  <\/p>\r\n  <p><strong>Come gestire i cookie nei diversi browser:<\/strong><\/p>\r\n  <ul>\r\n    <li><strong>Google Chrome<\/strong><br>\r\n      Per eliminare i cookie:<br>\r\n      Vai su Impostazioni dal menu del browser.<br>\r\n      Clicca su Mostra impostazioni avanzate.<br>\r\n      Clicca su Cancella dati di navigazione.<br>\r\n      Seleziona l\u2019intervallo di tempo (per eliminare tutto, scegli Dall\u2019inizio).<br>\r\n      Spunta Cookie e altri dati di siti e plugin.<br>\r\n      Clicca su Cancella dati di navigazione.<br>\r\n      Chiudi la finestra.<br><br>\r\n      Per bloccare i cookie:<br>\r\n      Vai su Impostazioni.<br>\r\n      Clicca su Mostra impostazioni avanzate > Impostazioni contenuti.<br>\r\n      In Cookie, seleziona l\u2019opzione desiderata (Non consentire la memorizzazione dei dati).<br>\r\n      Clicca su Fine.<br>\r\n      Chiudi la finestra.\r\n    <\/li>\r\n    <li><strong>Safari<\/strong><br>\r\n      Per eliminare i cookie:<br>\r\n      Vai su Preferenze nel menu.<br>\r\n      Vai alla scheda Privacy.<br>\r\n      Clicca su Rimuovi tutti i dati dei siti web > Rimuovi.<br>\r\n      Chiudi la finestra.<br><br>\r\n      Per bloccare i cookie:<br>\r\n      Vai su Preferenze > Privacy.<br>\r\n      In Cookie e dati di siti web, seleziona Blocca sempre.<br>\r\n      Chiudi la finestra.\r\n    <\/li>\r\n    <li><strong>Mozilla Firefox<\/strong><br>\r\n      Per eliminare i cookie:<br>\r\n      Vai su Opzioni > Privacy.<br>\r\n      Clicca su Mostra cookie.<br>\r\n      Seleziona i cookie da eliminare > Elimina selezionati o Elimina tutti.<br>\r\n      Chiudi la finestra.<br><br>\r\n      Per bloccare i cookie:<br>\r\n      Vai su Impostazioni > Privacy.<br>\r\n      In Cronologia, seleziona Usa impostazioni personalizzate.<br>\r\n      Disattiva l\u2019opzione Accetta i cookie.<br>\r\n      Chiudi la finestra.\r\n    <\/li>\r\n    <li><strong>Internet Explorer<\/strong><br>\r\n      Per eliminare i cookie:<br>\r\n      Vai su Strumenti (icona a ingranaggio) > Opzioni Internet.<br>\r\n      Nella scheda Generale, sezione Cronologia di navigazione, clicca su Elimina.<br>\r\n      Spunta Cookie e dati di siti web > Elimina > OK.<br><br>\r\n      Per bloccare i cookie:<br>\r\n      Vai su Strumenti > Opzioni Internet > Privacy.<br>\r\n      Sposta il cursore su Blocca tutti i cookie > OK.\r\n    <\/li>\r\n    <li><strong>Opera<\/strong><br>\r\n      Per eliminare i cookie:<br>\r\n      Vai su Impostazioni > Privacy e sicurezza.<br>\r\n      Clicca su Cookie > Tutti i cookie e dati dei siti.<br>\r\n      Elimina i cookie desiderati o tutti > Fatto.<br><br>\r\n      Per bloccare i cookie:<br>\r\n      Vai su Impostazioni > Privacy e sicurezza.<br>\r\n      In Cookie, seleziona Non consentire la memorizzazione dei dati.<br>\r\n      Chiudi la finestra.\r\n    <\/li>\r\n  <\/ul>\r\n\r\n  <li><strong>Informazioni di contatto<\/strong><\/li>\r\n  <p>\r\n    Per maggiore trasparenza, se hai domande riguardo l\u2019uso dell\u2019archiviazione locale nel nostro sito, contattaci all\u2019indirizzo <a href=\"mailto:moreu@moreu.com\">moreu@moreu.com<\/a>, indicando nell\u2019oggetto &#8220;Politica sui cookie&#8221;.\r\n  <\/p>\r\n<\/ol>\r\n\t\t\t\t\t\t<\/div>\n\t\t\t\t<\/div>\n\t\t\t\t\t<\/div>\n\t\t\t\t<\/div>\n\t\t\t\t\t\t\t<\/div>\n\t\t","protected":false},"excerpt":{"rendered":"<p>Informazioni generali sui cookie La fiducia degli utenti \u00e8 importante per noi e, di conseguenza, presso CAM MOREU, SLU ci impegniamo a proteggere la tua privacy. Un aspetto fondamentale di questo impegno \u00e8 fornirti tutte le informazioni possibili su come utilizziamo i tuoi dati personali, incluso l\u2019uso dell\u2019archiviazione locale dei dati e di tecnologie simili. [&hellip;]<\/p>\n","protected":false},"author":1,"featured_media":0,"parent":0,"menu_order":0,"comment_status":"closed","ping_status":"closed","template":"","meta":{"footnotes":""},"yoast_head":"<!-- This site is optimized with the Yoast SEO plugin v21.5 - https:\/\/yoast.com\/wordpress\/plugins\/seo\/ -->\n<title>Politica sui cookie - Moreu Especialistas en adhesivos de prote\u00ednas naturales<\/title>\n<meta name=\"description\" content=\"Descubre la innovaci\u00f3n en el mundo de los adhesivos con nuestra gama de Adhesivos de Prote\u00ednas Naturales. Estos adhesivos ecol\u00f3gicos y sostenibles ofrecen un fuerte poder de uni\u00f3n, mientras respetan el medio ambiente con ingredientes provenientes de fuentes naturales.\" \/>\n<meta name=\"robots\" content=\"index, follow, max-snippet:-1, max-image-preview:large, max-video-preview:-1\" \/>\n<link rel=\"canonical\" href=\"https:\/\/moreu.com\/politica-de-cookies\/\" \/>\n<meta property=\"og:locale\" content=\"it_IT\" \/>\n<meta property=\"og:type\" content=\"article\" \/>\n<meta property=\"og:title\" content=\"Politica sui cookie - Moreu Especialistas en adhesivos de prote\u00ednas naturales\" \/>\n<meta property=\"og:description\" content=\"Descubre la innovaci\u00f3n en el mundo de los adhesivos con nuestra gama de Adhesivos de Prote\u00ednas Naturales. Estos adhesivos ecol\u00f3gicos y sostenibles ofrecen un fuerte poder de uni\u00f3n, mientras respetan el medio ambiente con ingredientes provenientes de fuentes naturales.\" \/>\n<meta property=\"og:url\" content=\"https:\/\/moreu.com\/politica-de-cookies\/\" \/>\n<meta property=\"og:site_name\" content=\"Moreu\" \/>\n<meta property=\"article:modified_time\" content=\"2025-07-22T11:48:50+00:00\" \/>\n<meta name=\"twitter:card\" content=\"summary_large_image\" \/>\n<meta name=\"twitter:label1\" content=\"Est. reading time\" \/>\n\t<meta name=\"twitter:data1\" content=\"5 minuti\" \/>\n<script type=\"application\/ld+json\" class=\"yoast-schema-graph\">{\"@context\":\"https:\/\/schema.org\",\"@graph\":[{\"@type\":\"WebPage\",\"@id\":\"https:\/\/moreu.com\/politica-de-cookies\/\",\"url\":\"https:\/\/moreu.com\/politica-de-cookies\/\",\"name\":\"Politica sui cookie - Moreu Especialistas en adhesivos de prote\u00ednas naturales\",\"isPartOf\":{\"@id\":\"https:\/\/moreu.com\/#website\"},\"datePublished\":\"2023-09-29T08:31:04+00:00\",\"dateModified\":\"2025-07-22T11:48:50+00:00\",\"description\":\"Descubre la innovaci\u00f3n en el mundo de los adhesivos con nuestra gama de Adhesivos de Prote\u00ednas Naturales. Estos adhesivos ecol\u00f3gicos y sostenibles ofrecen un fuerte poder de uni\u00f3n, mientras respetan el medio ambiente con ingredientes provenientes de fuentes naturales.\",\"breadcrumb\":{\"@id\":\"https:\/\/moreu.com\/politica-de-cookies\/#breadcrumb\"},\"inLanguage\":\"it-IT\",\"potentialAction\":[{\"@type\":\"ReadAction\",\"target\":[\"https:\/\/moreu.com\/politica-de-cookies\/\"]}]},{\"@type\":\"BreadcrumbList\",\"@id\":\"https:\/\/moreu.com\/politica-de-cookies\/#breadcrumb\",\"itemListElement\":[{\"@type\":\"ListItem\",\"position\":1,\"name\":\"Portada\",\"item\":\"https:\/\/moreu.com\/\"},{\"@type\":\"ListItem\",\"position\":2,\"name\":\"Politica sui cookie\"}]},{\"@type\":\"WebSite\",\"@id\":\"https:\/\/moreu.com\/#website\",\"url\":\"https:\/\/moreu.com\/\",\"name\":\"Cam Moreu\",\"description\":\"\",\"publisher\":{\"@id\":\"https:\/\/moreu.com\/#organization\"},\"potentialAction\":[{\"@type\":\"SearchAction\",\"target\":{\"@type\":\"EntryPoint\",\"urlTemplate\":\"https:\/\/moreu.com\/?s={search_term_string}\"},\"query-input\":\"required name=search_term_string\"}],\"inLanguage\":\"it-IT\"},{\"@type\":\"Organization\",\"@id\":\"https:\/\/moreu.com\/#organization\",\"name\":\"Cam Moreu\",\"url\":\"https:\/\/moreu.com\/\",\"logo\":{\"@type\":\"ImageObject\",\"inLanguage\":\"it-IT\",\"@id\":\"https:\/\/moreu.com\/#\/schema\/logo\/image\/\",\"url\":\"https:\/\/moreu.com\/wp-content\/uploads\/2023\/07\/logo.png\",\"contentUrl\":\"https:\/\/moreu.com\/wp-content\/uploads\/2023\/07\/logo.png\",\"width\":208,\"height\":59,\"caption\":\"Cam Moreu\"},\"image\":{\"@id\":\"https:\/\/moreu.com\/#\/schema\/logo\/image\/\"}}]}<\/script>\n<!-- \/ Yoast SEO plugin. -->","yoast_head_json":{"title":"Politica sui cookie - Moreu Especialistas en adhesivos de prote\u00ednas naturales","description":"Descubre la innovaci\u00f3n en el mundo de los adhesivos con nuestra gama de Adhesivos de Prote\u00ednas Naturales. Estos adhesivos ecol\u00f3gicos y sostenibles ofrecen un fuerte poder de uni\u00f3n, mientras respetan el medio ambiente con ingredientes provenientes de fuentes naturales.","robots":{"index":"index","follow":"follow","max-snippet":"max-snippet:-1","max-image-preview":"max-image-preview:large","max-video-preview":"max-video-preview:-1"},"canonical":"https:\/\/moreu.com\/politica-de-cookies\/","og_locale":"it_IT","og_type":"article","og_title":"Politica sui cookie - Moreu Especialistas en adhesivos de prote\u00ednas naturales","og_description":"Descubre la innovaci\u00f3n en el mundo de los adhesivos con nuestra gama de Adhesivos de Prote\u00ednas Naturales. Estos adhesivos ecol\u00f3gicos y sostenibles ofrecen un fuerte poder de uni\u00f3n, mientras respetan el medio ambiente con ingredientes provenientes de fuentes naturales.","og_url":"https:\/\/moreu.com\/politica-de-cookies\/","og_site_name":"Moreu","article_modified_time":"2025-07-22T11:48:50+00:00","twitter_card":"summary_large_image","twitter_misc":{"Est. reading time":"5 minuti"},"schema":{"@context":"https:\/\/schema.org","@graph":[{"@type":"WebPage","@id":"https:\/\/moreu.com\/politica-de-cookies\/","url":"https:\/\/moreu.com\/politica-de-cookies\/","name":"Politica sui cookie - Moreu Especialistas en adhesivos de prote\u00ednas naturales","isPartOf":{"@id":"https:\/\/moreu.com\/#website"},"datePublished":"2023-09-29T08:31:04+00:00","dateModified":"2025-07-22T11:48:50+00:00","description":"Descubre la innovaci\u00f3n en el mundo de los adhesivos con nuestra gama de Adhesivos de Prote\u00ednas Naturales. Estos adhesivos ecol\u00f3gicos y sostenibles ofrecen un fuerte poder de uni\u00f3n, mientras respetan el medio ambiente con ingredientes provenientes de fuentes naturales.","breadcrumb":{"@id":"https:\/\/moreu.com\/politica-de-cookies\/#breadcrumb"},"inLanguage":"it-IT","potentialAction":[{"@type":"ReadAction","target":["https:\/\/moreu.com\/politica-de-cookies\/"]}]},{"@type":"BreadcrumbList","@id":"https:\/\/moreu.com\/politica-de-cookies\/#breadcrumb","itemListElement":[{"@type":"ListItem","position":1,"name":"Portada","item":"https:\/\/moreu.com\/"},{"@type":"ListItem","position":2,"name":"Politica sui cookie"}]},{"@type":"WebSite","@id":"https:\/\/moreu.com\/#website","url":"https:\/\/moreu.com\/","name":"Cam Moreu","description":"","publisher":{"@id":"https:\/\/moreu.com\/#organization"},"potentialAction":[{"@type":"SearchAction","target":{"@type":"EntryPoint","urlTemplate":"https:\/\/moreu.com\/?s={search_term_string}"},"query-input":"required name=search_term_string"}],"inLanguage":"it-IT"},{"@type":"Organization","@id":"https:\/\/moreu.com\/#organization","name":"Cam Moreu","url":"https:\/\/moreu.com\/","logo":{"@type":"ImageObject","inLanguage":"it-IT","@id":"https:\/\/moreu.com\/#\/schema\/logo\/image\/","url":"https:\/\/moreu.com\/wp-content\/uploads\/2023\/07\/logo.png","contentUrl":"https:\/\/moreu.com\/wp-content\/uploads\/2023\/07\/logo.png","width":208,"height":59,"caption":"Cam Moreu"},"image":{"@id":"https:\/\/moreu.com\/#\/schema\/logo\/image\/"}}]}},"_links":{"self":[{"href":"https:\/\/moreu.com\/it\/wp-json\/wp\/v2\/pages\/1441"}],"collection":[{"href":"https:\/\/moreu.com\/it\/wp-json\/wp\/v2\/pages"}],"about":[{"href":"https:\/\/moreu.com\/it\/wp-json\/wp\/v2\/types\/page"}],"author":[{"embeddable":true,"href":"https:\/\/moreu.com\/it\/wp-json\/wp\/v2\/users\/1"}],"replies":[{"embeddable":true,"href":"https:\/\/moreu.com\/it\/wp-json\/wp\/v2\/comments?post=1441"}],"version-history":[{"count":6,"href":"https:\/\/moreu.com\/it\/wp-json\/wp\/v2\/pages\/1441\/revisions"}],"predecessor-version":[{"id":1526,"href":"https:\/\/moreu.com\/it\/wp-json\/wp\/v2\/pages\/1441\/revisions\/1526"}],"wp:attachment":[{"href":"https:\/\/moreu.com\/it\/wp-json\/wp\/v2\/media?parent=1441"}],"curies":[{"name":"wp","href":"https:\/\/api.w.org\/{rel}","templated":true}]}}