{"id":1442,"date":"2023-09-29T08:27:21","date_gmt":"2023-09-29T08:27:21","guid":{"rendered":"https:\/\/moreu.com\/politica-sulla-riservatezza\/"},"modified":"2025-07-22T11:30:36","modified_gmt":"2025-07-22T11:30:36","slug":"politica-sulla-riservatezza","status":"publish","type":"page","link":"https:\/\/moreu.com\/it\/politica-sulla-riservatezza\/","title":{"rendered":"politica sulla riservatezza"},"content":{"rendered":"\t\t<div data-elementor-type=\"wp-page\" data-elementor-id=\"1442\" class=\"elementor elementor-1442 elementor-1168\" data-elementor-post-type=\"page\">\n\t\t\t\t\t\t\t<div class=\"elementor-element elementor-element-676b60c8 e-flex e-con-boxed e-con e-parent\" data-id=\"676b60c8\" data-element_type=\"container\" data-settings=\"{&quot;content_width&quot;:&quot;boxed&quot;}\" data-core-v316-plus=\"true\">\n\t\t\t\t\t<div class=\"e-con-inner\">\n\t\t\t\t<div class=\"elementor-element elementor-element-68aa9d12 elementor-widget elementor-widget-text-editor\" data-id=\"68aa9d12\" data-element_type=\"widget\" data-widget_type=\"text-editor.default\">\n\t\t\t\t<div class=\"elementor-widget-container\">\n\t\t\t<style>\/*! elementor - v3.17.0 - 08-11-2023 *\/\n.elementor-widget-text-editor.elementor-drop-cap-view-stacked .elementor-drop-cap{background-color:#69727d;color:#fff}.elementor-widget-text-editor.elementor-drop-cap-view-framed .elementor-drop-cap{color:#69727d;border:3px solid;background-color:transparent}.elementor-widget-text-editor:not(.elementor-drop-cap-view-default) .elementor-drop-cap{margin-top:8px}.elementor-widget-text-editor:not(.elementor-drop-cap-view-default) .elementor-drop-cap-letter{width:1em;height:1em}.elementor-widget-text-editor .elementor-drop-cap{float:left;text-align:center;line-height:1;font-size:50px}.elementor-widget-text-editor .elementor-drop-cap-letter{display:inline-block}<\/style>\t\t\t\t<h3>Informazioni sulla Protezione dei Dati<\/h3>\r\n<h4>1.- Dati relativi al Responsabile del Trattamento<\/h4>\r\n<ul>\r\n \t<li><strong>Ente:<\/strong> CAM MOREU, SLU<\/li>\r\n \t<li><strong>CIF dell\u2019ente:<\/strong> B67076976<\/li>\r\n \t<li><strong>Indirizzo dell\u2019ente:<\/strong> CL TORRENT DE CAN NINOU 1 &#8211; (08150) PARETS DEL VALL\u00c8S<\/li>\r\n \t<li><strong>Email dell\u2019ente:<\/strong> moreu@moreu.com<\/li>\r\n \t<li><strong>Responsabile del trattamento:<\/strong> PEDRO CAMPS VENTURA<\/li>\r\n \t<li><strong>Telefono del Responsabile del trattamento:<\/strong> 935731216<\/li>\r\n \t<li><strong>Email del Responsabile del trattamento:<\/strong> moreu@moreu.com<\/li>\r\n<\/ul>\r\n<h4>2.- Finalit\u00e0<\/h4>\r\nIn ottemperanza al Regolamento Europeo 2016\/679 Generale sulla Protezione dei Dati e alla Legge Organica 3\/2018 sulla Protezione dei Dati Personali e Garanzia dei Diritti Digitali, la informiamo che, a seconda del rapporto che intrattiene con noi, CAM MOREU, SLU tratta i dati da lei forniti per una o pi\u00f9 delle seguenti finalit\u00e0:\r\n<ul>\r\n \t<li>Invio di informazioni commerciali dell\u2019ente tramite posta ordinaria, posta elettronica o altri mezzi.<\/li>\r\n<\/ul>\r\n<h4>3.- Periodo di conservazione dei dati<\/h4>\r\nI suoi dati saranno conservati per un periodo indefinito. Nel caso in cui desideri la loro cancellazione anticipata, pu\u00f2 richiederlo esercitando il diritto alla cancellazione. Allo stesso modo, i dati che devono essere conservati per motivi legali saranno bloccati e messi a disposizione esclusivamente dell\u2019autorit\u00e0 pubblica competente per il tempo necessario al rispetto delle normative specifiche.\r\n<h4>4.- Base giuridica<\/h4>\r\nLa base giuridica per il trattamento dei suoi dati si fonda su:\r\n<ul>\r\n \t<li>Consenso inequivocabile<\/li>\r\n<\/ul>\r\n<h4>5.- Destinatari<\/h4>\r\nI suoi dati personali saranno comunicati a terzi nei seguenti casi:\r\n<ul>\r\n \t<li>Enti informatici per la manutenzione di software e hardware<\/li>\r\n \t<li>Manutenzione di sistemi e archiviazione dei dati<\/li>\r\n \t<li>Servizi di gestione di domini e hosting web<\/li>\r\n<\/ul>\r\n<h4>6.- Diritti<\/h4>\r\nHa il diritto di ottenere la conferma se CAM MOREU, SLU stia trattando o meno dati personali che la riguardano.\r\n\r\nHa inoltre il diritto di accedere ai suoi dati personali, nonch\u00e9 di richiederne la rettifica se inesatti o, eventualmente, la cancellazione qualora i dati non siano pi\u00f9 necessari per gli scopi per cui sono stati raccolti.\r\n\r\nIn determinate circostanze, pu\u00f2 richiedere la limitazione del trattamento, nel qual caso conserveremo i dati solo per l\u2019esercizio o la difesa di un diritto in sede giudiziaria.\r\n\r\nInoltre, per motivi legati alla sua situazione particolare, pu\u00f2 opporsi al trattamento dei suoi dati. CAM MOREU, SLU interromper\u00e0 il trattamento, salvo motivi legittimi impellenti, o per l\u2019esercizio o difesa di eventuali diritti.\r\n\r\nHa altres\u00ec il diritto alla portabilit\u00e0 dei dati e a revocare i consensi prestati in qualsiasi momento, senza che ci\u00f2 pregiudichi la liceit\u00e0 del trattamento basata sul consenso prima della revoca.\r\n\r\nSe desidera esercitare uno qualsiasi dei suoi diritti, pu\u00f2 farlo tramite i seguenti link (non inclusi qui):\r\n<ul>\r\n \t<li>Per esercitare il <strong>Diritto di Accesso<\/strong>, clicchi qui<\/li>\r\n \t<li>Per esercitare il <strong>Diritto di Rettifica<\/strong>, clicchi qui<\/li>\r\n \t<li>Per esercitare il <strong>Diritto di Cancellazione (Oblio)<\/strong>, clicchi qui<\/li>\r\n \t<li>Per esercitare il <strong>Diritto di Limitazione del Trattamento<\/strong>, clicchi qui<\/li>\r\n \t<li>Per esercitare il <strong>Diritto di Opposizione<\/strong>, clicchi qui<\/li>\r\n \t<li>Per esercitare il <strong>Diritto alla Portabilit\u00e0<\/strong>, clicchi qui<\/li>\r\n<\/ul>\r\nIn alternativa, pu\u00f2 contattarci per posta all\u2019indirizzo:\r\n<strong>CL TORRENT DE CAN NINOU 1 &#8211; (08150) PARETS DEL VALL\u00c8S<\/strong>,\r\nallegando una fotocopia del documento d\u2019identit\u00e0 per verificare la sua identit\u00e0. Ricordi di fornire il maggior numero possibile di informazioni nella sua richiesta: nome e cognome, indirizzo email utilizzato per il conto o portale oggetto della richiesta.\r\n\r\nInfine, la informiamo che pu\u00f2 presentare reclamo all\u2019<strong>Agenzia Spagnola per la Protezione dei Dati<\/strong> o ad altri enti pubblici competenti per qualsiasi questione relativa al trattamento dei suoi dati personali.\t\t\t\t\t\t<\/div>\n\t\t\t\t<\/div>\n\t\t\t\t\t<\/div>\n\t\t\t\t<\/div>\n\t\t\t\t\t\t\t<\/div>\n\t\t","protected":false},"excerpt":{"rendered":"<p>Informazioni sulla Protezione dei Dati 1.- Dati relativi al Responsabile del Trattamento Ente: CAM MOREU, SLU CIF dell\u2019ente: B67076976 Indirizzo dell\u2019ente: CL TORRENT DE CAN NINOU 1 &#8211; (08150) PARETS DEL VALL\u00c8S Email dell\u2019ente: moreu@moreu.com Responsabile del trattamento: PEDRO CAMPS VENTURA Telefono del Responsabile del trattamento: 935731216 Email del Responsabile del trattamento: moreu@moreu.com 2.- Finalit\u00e0 [&hellip;]<\/p>\n","protected":false},"author":1,"featured_media":0,"parent":0,"menu_order":0,"comment_status":"closed","ping_status":"closed","template":"","meta":{"footnotes":""},"yoast_head":"<!-- This site is optimized with the Yoast SEO plugin v21.5 - https:\/\/yoast.com\/wordpress\/plugins\/seo\/ -->\n<title>politica sulla riservatezza - Moreu Especialistas en adhesivos de prote\u00ednas naturales<\/title>\n<meta name=\"description\" content=\"Descubre la innovaci\u00f3n en el mundo de los adhesivos con nuestra gama de Adhesivos de Prote\u00ednas Naturales. Estos adhesivos ecol\u00f3gicos y sostenibles ofrecen un fuerte poder de uni\u00f3n, mientras respetan el medio ambiente con ingredientes provenientes de fuentes naturales.\" \/>\n<meta name=\"robots\" content=\"index, follow, max-snippet:-1, max-image-preview:large, max-video-preview:-1\" \/>\n<link rel=\"canonical\" href=\"https:\/\/moreu.com\/politica-de-privacidad\/\" \/>\n<meta property=\"og:locale\" content=\"it_IT\" \/>\n<meta property=\"og:type\" content=\"article\" \/>\n<meta property=\"og:title\" content=\"politica sulla riservatezza - Moreu Especialistas en adhesivos de prote\u00ednas naturales\" \/>\n<meta property=\"og:description\" content=\"Descubre la innovaci\u00f3n en el mundo de los adhesivos con nuestra gama de Adhesivos de Prote\u00ednas Naturales. Estos adhesivos ecol\u00f3gicos y sostenibles ofrecen un fuerte poder de uni\u00f3n, mientras respetan el medio ambiente con ingredientes provenientes de fuentes naturales.\" \/>\n<meta property=\"og:url\" content=\"https:\/\/moreu.com\/politica-de-privacidad\/\" \/>\n<meta property=\"og:site_name\" content=\"Moreu\" \/>\n<meta property=\"article:modified_time\" content=\"2025-07-22T11:30:36+00:00\" \/>\n<meta name=\"twitter:card\" content=\"summary_large_image\" \/>\n<meta name=\"twitter:label1\" content=\"Est. reading time\" \/>\n\t<meta name=\"twitter:data1\" content=\"3 minuti\" \/>\n<script type=\"application\/ld+json\" class=\"yoast-schema-graph\">{\"@context\":\"https:\/\/schema.org\",\"@graph\":[{\"@type\":\"WebPage\",\"@id\":\"https:\/\/moreu.com\/politica-de-privacidad\/\",\"url\":\"https:\/\/moreu.com\/politica-de-privacidad\/\",\"name\":\"politica sulla riservatezza - Moreu Especialistas en adhesivos de prote\u00ednas naturales\",\"isPartOf\":{\"@id\":\"https:\/\/moreu.com\/#website\"},\"datePublished\":\"2023-09-29T08:27:21+00:00\",\"dateModified\":\"2025-07-22T11:30:36+00:00\",\"description\":\"Descubre la innovaci\u00f3n en el mundo de los adhesivos con nuestra gama de Adhesivos de Prote\u00ednas Naturales. Estos adhesivos ecol\u00f3gicos y sostenibles ofrecen un fuerte poder de uni\u00f3n, mientras respetan el medio ambiente con ingredientes provenientes de fuentes naturales.\",\"breadcrumb\":{\"@id\":\"https:\/\/moreu.com\/politica-de-privacidad\/#breadcrumb\"},\"inLanguage\":\"it-IT\",\"potentialAction\":[{\"@type\":\"ReadAction\",\"target\":[\"https:\/\/moreu.com\/politica-de-privacidad\/\"]}]},{\"@type\":\"BreadcrumbList\",\"@id\":\"https:\/\/moreu.com\/politica-de-privacidad\/#breadcrumb\",\"itemListElement\":[{\"@type\":\"ListItem\",\"position\":1,\"name\":\"Portada\",\"item\":\"https:\/\/moreu.com\/\"},{\"@type\":\"ListItem\",\"position\":2,\"name\":\"politica sulla riservatezza\"}]},{\"@type\":\"WebSite\",\"@id\":\"https:\/\/moreu.com\/#website\",\"url\":\"https:\/\/moreu.com\/\",\"name\":\"Cam Moreu\",\"description\":\"\",\"publisher\":{\"@id\":\"https:\/\/moreu.com\/#organization\"},\"potentialAction\":[{\"@type\":\"SearchAction\",\"target\":{\"@type\":\"EntryPoint\",\"urlTemplate\":\"https:\/\/moreu.com\/?s={search_term_string}\"},\"query-input\":\"required name=search_term_string\"}],\"inLanguage\":\"it-IT\"},{\"@type\":\"Organization\",\"@id\":\"https:\/\/moreu.com\/#organization\",\"name\":\"Cam Moreu\",\"url\":\"https:\/\/moreu.com\/\",\"logo\":{\"@type\":\"ImageObject\",\"inLanguage\":\"it-IT\",\"@id\":\"https:\/\/moreu.com\/#\/schema\/logo\/image\/\",\"url\":\"https:\/\/moreu.com\/wp-content\/uploads\/2023\/07\/logo.png\",\"contentUrl\":\"https:\/\/moreu.com\/wp-content\/uploads\/2023\/07\/logo.png\",\"width\":208,\"height\":59,\"caption\":\"Cam Moreu\"},\"image\":{\"@id\":\"https:\/\/moreu.com\/#\/schema\/logo\/image\/\"}}]}<\/script>\n<!-- \/ Yoast SEO plugin. -->","yoast_head_json":{"title":"politica sulla riservatezza - Moreu Especialistas en adhesivos de prote\u00ednas naturales","description":"Descubre la innovaci\u00f3n en el mundo de los adhesivos con nuestra gama de Adhesivos de Prote\u00ednas Naturales. Estos adhesivos ecol\u00f3gicos y sostenibles ofrecen un fuerte poder de uni\u00f3n, mientras respetan el medio ambiente con ingredientes provenientes de fuentes naturales.","robots":{"index":"index","follow":"follow","max-snippet":"max-snippet:-1","max-image-preview":"max-image-preview:large","max-video-preview":"max-video-preview:-1"},"canonical":"https:\/\/moreu.com\/politica-de-privacidad\/","og_locale":"it_IT","og_type":"article","og_title":"politica sulla riservatezza - Moreu Especialistas en adhesivos de prote\u00ednas naturales","og_description":"Descubre la innovaci\u00f3n en el mundo de los adhesivos con nuestra gama de Adhesivos de Prote\u00ednas Naturales. Estos adhesivos ecol\u00f3gicos y sostenibles ofrecen un fuerte poder de uni\u00f3n, mientras respetan el medio ambiente con ingredientes provenientes de fuentes naturales.","og_url":"https:\/\/moreu.com\/politica-de-privacidad\/","og_site_name":"Moreu","article_modified_time":"2025-07-22T11:30:36+00:00","twitter_card":"summary_large_image","twitter_misc":{"Est. reading time":"3 minuti"},"schema":{"@context":"https:\/\/schema.org","@graph":[{"@type":"WebPage","@id":"https:\/\/moreu.com\/politica-de-privacidad\/","url":"https:\/\/moreu.com\/politica-de-privacidad\/","name":"politica sulla riservatezza - Moreu Especialistas en adhesivos de prote\u00ednas naturales","isPartOf":{"@id":"https:\/\/moreu.com\/#website"},"datePublished":"2023-09-29T08:27:21+00:00","dateModified":"2025-07-22T11:30:36+00:00","description":"Descubre la innovaci\u00f3n en el mundo de los adhesivos con nuestra gama de Adhesivos de Prote\u00ednas Naturales. Estos adhesivos ecol\u00f3gicos y sostenibles ofrecen un fuerte poder de uni\u00f3n, mientras respetan el medio ambiente con ingredientes provenientes de fuentes naturales.","breadcrumb":{"@id":"https:\/\/moreu.com\/politica-de-privacidad\/#breadcrumb"},"inLanguage":"it-IT","potentialAction":[{"@type":"ReadAction","target":["https:\/\/moreu.com\/politica-de-privacidad\/"]}]},{"@type":"BreadcrumbList","@id":"https:\/\/moreu.com\/politica-de-privacidad\/#breadcrumb","itemListElement":[{"@type":"ListItem","position":1,"name":"Portada","item":"https:\/\/moreu.com\/"},{"@type":"ListItem","position":2,"name":"politica sulla riservatezza"}]},{"@type":"WebSite","@id":"https:\/\/moreu.com\/#website","url":"https:\/\/moreu.com\/","name":"Cam Moreu","description":"","publisher":{"@id":"https:\/\/moreu.com\/#organization"},"potentialAction":[{"@type":"SearchAction","target":{"@type":"EntryPoint","urlTemplate":"https:\/\/moreu.com\/?s={search_term_string}"},"query-input":"required name=search_term_string"}],"inLanguage":"it-IT"},{"@type":"Organization","@id":"https:\/\/moreu.com\/#organization","name":"Cam Moreu","url":"https:\/\/moreu.com\/","logo":{"@type":"ImageObject","inLanguage":"it-IT","@id":"https:\/\/moreu.com\/#\/schema\/logo\/image\/","url":"https:\/\/moreu.com\/wp-content\/uploads\/2023\/07\/logo.png","contentUrl":"https:\/\/moreu.com\/wp-content\/uploads\/2023\/07\/logo.png","width":208,"height":59,"caption":"Cam Moreu"},"image":{"@id":"https:\/\/moreu.com\/#\/schema\/logo\/image\/"}}]}},"_links":{"self":[{"href":"https:\/\/moreu.com\/it\/wp-json\/wp\/v2\/pages\/1442"}],"collection":[{"href":"https:\/\/moreu.com\/it\/wp-json\/wp\/v2\/pages"}],"about":[{"href":"https:\/\/moreu.com\/it\/wp-json\/wp\/v2\/types\/page"}],"author":[{"embeddable":true,"href":"https:\/\/moreu.com\/it\/wp-json\/wp\/v2\/users\/1"}],"replies":[{"embeddable":true,"href":"https:\/\/moreu.com\/it\/wp-json\/wp\/v2\/comments?post=1442"}],"version-history":[{"count":6,"href":"https:\/\/moreu.com\/it\/wp-json\/wp\/v2\/pages\/1442\/revisions"}],"predecessor-version":[{"id":1498,"href":"https:\/\/moreu.com\/it\/wp-json\/wp\/v2\/pages\/1442\/revisions\/1498"}],"wp:attachment":[{"href":"https:\/\/moreu.com\/it\/wp-json\/wp\/v2\/media?parent=1442"}],"curies":[{"name":"wp","href":"https:\/\/api.w.org\/{rel}","templated":true}]}}